{"id":7286,"date":"2026-03-04T14:03:47","date_gmt":"2026-03-04T17:03:47","guid":{"rendered":"https:\/\/ingbio.paap.cup.edu.uy\/?page_id=7286"},"modified":"2026-03-05T12:55:21","modified_gmt":"2026-03-05T15:55:21","slug":"ingreso-fing-montevideo","status":"publish","type":"page","link":"https:\/\/ingbio.paap.cup.edu.uy\/index.php\/ingreso-fing-montevideo\/","title":{"rendered":"Ingreso Fing- Montevideo"},"content":{"rendered":"<div class=\"entry-content\" itemprop=\"text\">\n\n<p>TE RECOMENDAMOS QUE LEAS HASTA EL FINAL ESTA P\u00c1GINAS Y VISITES TODOS LOS SITIOS QUE SE REFERENCIAN, ES INFORMACI\u00d3N MUY IMPORTANTE.<\/p>\n\n\n\n<h2><strong>Actividades de generaci\u00f3n de ingreso<\/strong><\/h2>\n<p>Las actividades de ingreso de la Facultad de Ingenier\u00eda se realizar\u00e1n los d\u00edas <strong data-start=\"397\" data-end=\"427\">24, 25, 26 y 27 de febrero<\/strong>.<\/p>\n\n\n\n<h2><strong>Prueba inicial obligatoria<\/strong><\/h2>\n<p>La <strong data-start=\"434\" data-end=\"464\">Prueba Inicial Obligatoria<\/strong> se realizar\u00e1 el <strong data-start=\"481\" data-end=\"498\">27 de febrero<\/strong>.<\/p>\n<p><a href=\"https:\/\/www.fing.edu.uy\/index.php\/es\/node\/51827\">Calendario de actividades.<\/a><\/p>\n\n\n\n<h2><strong>Horarios <\/strong><\/h2>\n<p><a href=\"https:\/\/www.fing.edu.uy\/es\/bedelia\/horarios\">Horarios Fing 2026.<\/a><\/p>\n<p>Correcci\u00f3n: el horario de TALLER DE INGENIERIA BIOLOGICA I es incorrecto. Ver EVA del curso (<a href=\"https:\/\/eva.interior.udelar.edu.uy\/course\/view.php?id=657\">link<\/a>).<\/p>\n\n\n\n<h2><strong>Calendario lectivo<\/strong><\/h2>\n<p><a href=\"https:\/\/www.fing.edu.uy\/es\/bedelia\/calendario-lectivo\">Calendario lectivo Fing.<\/a><\/p>\n\n\n\n<h2><strong>Requisitos de inscripci\u00f3n<\/strong><\/h2>\n<p>Los requisitos de ingreso se encuentran detallados en el siguiente link:<br \/><a href=\"https:\/\/ingbio.paap.cup.edu.uy\/wp-content\/uploads\/2025\/02\/condiciones-de-ingreso-LIB.pdf\">Ver Requisitos de Ingreso<\/a><\/p>\n<p>En <strong data-start=\"419\" data-end=\"427\">FING<\/strong>, no se permite la inscripci\u00f3n con materias pendientes.<br \/>Todo el proceso de inscripci\u00f3n se encuentra detallado en el siguiente enlace: <a href=\"https:\/\/www.fing.edu.uy\/es\/node\/45476\" target=\"_new\" rel=\"noopener\" data-start=\"546\" data-end=\"625\">Facultad de Ingenier\u00eda &#8211; Inscripciones<\/a>.<\/p>\n\n\n\n<h2><strong>Actividad introductoria y prueba inicial<\/strong><\/h2>\n<p><a href=\"https:\/\/www.fing.edu.uy\/node\/45478\">Ver informaci\u00f3n sobre actividad introductoria y prueba inicial<\/a><\/p>\n\n\n\n<h2><strong>Inscripci\u00f3n a cursos<\/strong><\/h2>\n<p><a href=\"https:\/\/www.fing.edu.uy\/node\/45477\">Ver informaci\u00f3n sobre inscripci\u00f3n a cursos.<\/a><\/p>\n\n\n\n<h2><strong>Inicio de cursos<\/strong><\/h2>\n<p><a href=\"https:\/\/www.fing.edu.uy\/node\/45479\">Ver informaci\u00f3n sobre inicio de cursos.<\/a><\/p>\n\n\n\n<h2><strong>Contacto<\/strong><\/h2>\n<div>\n<p><strong>Por cualquier consulta comunicarse con la Coordinaci\u00f3n del primer a\u00f1o.<\/strong><\/p>\n<p><a href=\"https:\/\/ingbio.paap.cup.edu.uy\/wp-content\/uploads\/2015\/12\/lu-web-foto.jpg\"><img loading=\"lazy\" decoding=\"async\" class=\"alignleft wp-image-5864 size-thumbnail\" src=\"https:\/\/ingbio.paap.cup.edu.uy\/wp-content\/uploads\/2015\/12\/lu-web-foto-150x150.jpg\" alt=\"\" width=\"150\" height=\"150\" srcset=\"https:\/\/ingbio.paap.cup.edu.uy\/wp-content\/uploads\/2015\/12\/lu-web-foto-150x150.jpg 150w, https:\/\/ingbio.paap.cup.edu.uy\/wp-content\/uploads\/2015\/12\/lu-web-foto-300x300.jpg 300w, https:\/\/ingbio.paap.cup.edu.uy\/wp-content\/uploads\/2015\/12\/lu-web-foto-768x768.jpg 768w, https:\/\/ingbio.paap.cup.edu.uy\/wp-content\/uploads\/2015\/12\/lu-web-foto-1024x1024.jpg 1024w, https:\/\/ingbio.paap.cup.edu.uy\/wp-content\/uploads\/2015\/12\/lu-web-foto-2000x2000.jpg 2000w, https:\/\/ingbio.paap.cup.edu.uy\/wp-content\/uploads\/2015\/12\/lu-web-foto-75x75.jpg 75w\" sizes=\"auto, (max-width: 150px) 100vw, 150px\" \/><\/a><strong>Luc\u00eda Lemes<\/strong><br \/>(&#x6c;&#108;&#101;m&#x65;&#x73;&#64;c&#x75;&#x70;&#46;e&#x64;&#x75;&#46;u&#x79;)<\/p>\n<\/div>\n<p>\u00a0<\/p>\n<p>\u00a0<\/p>\n<hr \/>\n<div>\n<div class=\"su-row\">\n<\/div>\n<\/div>\n\n\n\n\n<\/div>\n","protected":false},"excerpt":{"rendered":"<div class=\"entry-summary\" itemprop=\"text\">\n<p>TE RECOMENDAMOS QUE LEAS HASTA EL FINAL ESTA P\u00c1GINAS Y VISITES TODOS LOS SITIOS QUE SE REFERENCIAN, ES INFORMACI\u00d3N MUY IMPORTANTE. Actividades de generaci\u00f3n de ingreso Las actividades de ingreso de la Facultad de Ingenier\u00eda se realizar\u00e1n los d\u00edas 24, 25, 26 y 27 de febrero. Prueba inicial obligatoria La Prueba Inicial Obligatoria se realizar\u00e1 &#8230;<\/p>\n\n<\/div>\n","protected":false},"author":1,"featured_media":0,"parent":0,"menu_order":0,"comment_status":"closed","ping_status":"closed","template":"","meta":{"footnotes":""},"class_list":["post-7286","page","type-page","status-publish","hentry","entry-lead"],"_links":{"self":[{"href":"https:\/\/ingbio.paap.cup.edu.uy\/index.php\/wp-json\/wp\/v2\/pages\/7286","targetHints":{"allow":["GET"]}}],"collection":[{"href":"https:\/\/ingbio.paap.cup.edu.uy\/index.php\/wp-json\/wp\/v2\/pages"}],"about":[{"href":"https:\/\/ingbio.paap.cup.edu.uy\/index.php\/wp-json\/wp\/v2\/types\/page"}],"author":[{"embeddable":true,"href":"https:\/\/ingbio.paap.cup.edu.uy\/index.php\/wp-json\/wp\/v2\/users\/1"}],"replies":[{"embeddable":true,"href":"https:\/\/ingbio.paap.cup.edu.uy\/index.php\/wp-json\/wp\/v2\/comments?post=7286"}],"version-history":[{"count":19,"href":"https:\/\/ingbio.paap.cup.edu.uy\/index.php\/wp-json\/wp\/v2\/pages\/7286\/revisions"}],"predecessor-version":[{"id":7335,"href":"https:\/\/ingbio.paap.cup.edu.uy\/index.php\/wp-json\/wp\/v2\/pages\/7286\/revisions\/7335"}],"wp:attachment":[{"href":"https:\/\/ingbio.paap.cup.edu.uy\/index.php\/wp-json\/wp\/v2\/media?parent=7286"}],"curies":[{"name":"wp","href":"https:\/\/api.w.org\/{rel}","templated":true}]}}