{"id":67,"date":"2015-12-04T14:58:26","date_gmt":"2015-12-04T17:58:26","guid":{"rendered":"http:\/\/192.168.0.207\/wordpress\/?page_id=67"},"modified":"2017-09-07T11:48:11","modified_gmt":"2017-09-07T14:48:11","slug":"investigacion","status":"publish","type":"page","link":"https:\/\/ingbio.paap.cup.edu.uy\/index.php\/investigacion\/","title":{"rendered":"Investigaci\u00f3n"},"content":{"rendered":"<div class=\"entry-content\" itemprop=\"text\">\n<p><span style=\"font-size: 14pt;\"><strong>\u00c1reas de Investigaci\u00f3n<\/strong><\/span><\/p>\n<div class=\"su-row\"><div class=\"su-column su-column-size-1-3\"><div class=\"su-column-inner su-u-clearfix su-u-trim\"><a href=\"http:\/\/ingbio.paap.cup.edu.uy\/index.php\/areas-de-investigacion\/areas\/\"><img decoding=\"async\" class=\"alignleft wp-image-3487 size-full\" src=\"http:\/\/ingbio.paap.cup.edu.uy\/wp-content\/uploads\/2017\/09\/02.svg\" alt=\"\" width=\"510.236px\" height=\"510.236px\" \/><\/a><\/div><\/div> <div class=\"su-column su-column-size-1-3\"><div class=\"su-column-inner su-u-clearfix su-u-trim\"><a href=\"http:\/\/ingbio.paap.cup.edu.uy\/index.php\/areas-de-investigacion\/areas\/\"><img loading=\"lazy\" decoding=\"async\" class=\"alignleft wp-image-3511 size-full\" src=\"http:\/\/ingbio.paap.cup.edu.uy\/wp-content\/uploads\/2015\/12\/05.svg\" alt=\"\" width=\"510\" height=\"510\" \/><\/a><\/div><\/div> <div class=\"su-column su-column-size-1-3\"><div class=\"su-column-inner su-u-clearfix su-u-trim\"><a href=\"http:\/\/ingbio.paap.cup.edu.uy\/index.php\/areas-de-investigacion\/areas\/\"><img decoding=\"async\" class=\"alignleft wp-image-3489 size-full\" src=\"http:\/\/ingbio.paap.cup.edu.uy\/wp-content\/uploads\/2017\/09\/04.svg\" alt=\"\" width=\"510.236px\" height=\"510.236px\" \/><\/a><\/div><\/div><\/div>Las l\u00edneas de investigaci\u00f3n del Departamento de Ingener\u00eda Biol\u00f3gica estan orientadas a resolver problemas provenientes de los procesos productivos agroindustriales y de las aplicaciones m\u00e9dicas y biol\u00f3gicas.<\/p>\n<p><span style=\"font-size: 14pt;\"><strong>Ejes transversales<\/strong><\/span><\/p>\n<p><span style=\"border-radius: 2px; text-indent: 20px; width: auto; padding: 0px 4px 0px 0px; text-align: center; font: bold 11px\/20px 'Helvetica Neue',Helvetica,sans-serif; color: #ffffff; background: #bd081c no-repeat scroll 3px 50% \/ 14px 14px; position: absolute; opacity: 1; z-index: 8675309; display: none; cursor: pointer;\">Guardar<\/span><\/p>\n<p><span style=\"border-radius: 2px; text-indent: 20px; width: auto; padding: 0px 4px 0px 0px; text-align: center; font: bold 11px\/20px 'Helvetica Neue',Helvetica,sans-serif; color: #ffffff; background: #bd081c no-repeat scroll 3px 50% \/ 14px 14px; position: absolute; opacity: 1; z-index: 8675309; display: none; cursor: pointer;\">Guardar<\/span><\/p>\n<p><span style=\"border-radius: 2px; text-indent: 20px; width: auto; padding: 0px 4px 0px 0px; text-align: center; font: bold 11px\/20px 'Helvetica Neue',Helvetica,sans-serif; color: #ffffff; background: #bd081c no-repeat scroll 3px 50% \/ 14px 14px; position: absolute; opacity: 1; z-index: 8675309; display: none; cursor: pointer; top: 697px; left: 25px;\">Guardar<\/span><\/p>\n<p><span style=\"border-radius: 2px; text-indent: 20px; width: auto; padding: 0px 4px 0px 0px; text-align: center; font: bold 11px\/20px 'Helvetica Neue',Helvetica,sans-serif; color: #ffffff; background: #bd081c no-repeat scroll 3px 50% \/ 14px 14px; position: absolute; opacity: 1; z-index: 8675309; display: none; cursor: pointer; top: 108px; left: 25px;\">Guardar<\/span><\/p>\n<p><span style=\"border-radius: 2px; text-indent: 20px; width: auto; padding: 0px 4px 0px 0px; text-align: center; font: bold 11px\/20px 'Helvetica Neue',Helvetica,sans-serif; color: #ffffff; background: #bd081c no-repeat scroll 3px 50% \/ 14px 14px; position: absolute; opacity: 1; z-index: 8675309; display: none; cursor: pointer;\">Guardar<\/span><\/p>\n<div class=\"su-row\"><div class=\"su-column su-column-size-1-3\"><div class=\"su-column-inner su-u-clearfix su-u-trim\"><a href=\"http:\/\/ingbio.paap.cup.edu.uy\/wp-content\/uploads\/2015\/12\/06.svg\"><img decoding=\"async\" class=\"alignleft wp-image-3521 size-full\" src=\"http:\/\/ingbio.paap.cup.edu.uy\/wp-content\/uploads\/2015\/12\/06.svg\" alt=\"\" width=\"510.236px\" height=\"510.236px\" \/><\/a><\/div><\/div> <div class=\"su-column su-column-size-1-3\"><div class=\"su-column-inner su-u-clearfix su-u-trim\"><img decoding=\"async\" class=\"alignleft wp-image-3522 size-full\" src=\"http:\/\/ingbio.paap.cup.edu.uy\/wp-content\/uploads\/2015\/12\/07.svg\" alt=\"\" width=\"510.236px\" height=\"510.236px\" \/><\/div><\/div> <div class=\"su-column su-column-size-1-3\"><div class=\"su-column-inner su-u-clearfix su-u-trim\"><a href=\"http:\/\/ingbio.paap.cup.edu.uy\/wp-content\/uploads\/2015\/12\/08-1.svg\"><img decoding=\"async\" class=\"alignleft wp-image-3524 size-full\" src=\"http:\/\/ingbio.paap.cup.edu.uy\/wp-content\/uploads\/2015\/12\/08-1.svg\" alt=\"\" width=\"510.236px\" height=\"510.236px\" \/><\/a><\/div><\/div><\/div>\n<hr \/>\n<div class=\"su-row\"><div class=\"su-column su-column-size-1-3\"><div class=\"su-column-inner su-u-clearfix su-u-trim\">\n<div class=\"su-box su-box-style-soft\" id=\"\" style=\"border-color:#adb2b6;border-radius:0px;\"><div class=\"su-box-title\" style=\"background-color:#e0e5e9;color:#4d4a4a;border-top-left-radius:0px;border-top-right-radius:0px\">Actividades de investigaci\u00f3n<\/div><div class=\"su-box-content su-u-clearfix su-u-trim\" style=\"border-bottom-left-radius:0px;border-bottom-right-radius:0px\">\n<p><a href=\"\/index.php\/evaluaciones\/\">Evaluaciones<\/a> \/ Cursos \/ <a href=\"http:\/\/ingbio.paap.cup.edu.uy\/index.php\/category\/investigacion\/actividades-de-investigacion\/\">Talleres y Jornadas<\/a><\/p>\n<\/div><\/div><\/div><\/div>\n<div class=\"su-column su-column-size-1-3\"><div class=\"su-column-inner su-u-clearfix su-u-trim\">\n<div class=\"su-box su-box-style-soft\" id=\"\" style=\"border-color:#adb2b6;border-radius:0px;\"><div class=\"su-box-title\" style=\"background-color:#e0e5e9;color:#4d4a4a;border-top-left-radius:0px;border-top-right-radius:0px\">Proyectos de investigaci\u00f3n<\/div><div class=\"su-box-content su-u-clearfix su-u-trim\" style=\"border-bottom-left-radius:0px;border-bottom-right-radius:0px\">\n<p><a href=\"http:\/\/ingbio.paap.cup.edu.uy\/index.php\/category\/investigacion\/proyectos\/\">M\u00e1s informaci\u00f3n<\/a><br \/>\n<\/div><\/div><\/div><\/div>\n<div class=\"su-column su-column-size-1-3\"><div class=\"su-column-inner su-u-clearfix su-u-trim\">\n<div class=\"su-box su-box-style-soft\" id=\"\" style=\"border-color:#adb2b6;border-radius:0px;\"><div class=\"su-box-title\" style=\"background-color:#e0e5e9;color:#4d4a4a;border-top-left-radius:0px;border-top-right-radius:0px\">Publicaciones<\/div><div class=\"su-box-content su-u-clearfix su-u-trim\" style=\"border-bottom-left-radius:0px;border-bottom-right-radius:0px\">\n<p><a href=\"\/index.php\/publicaciones\/\">M\u00e1s informaci\u00f3n<\/a><\/p>\n<\/div><\/div><\/div><\/div>\n<\/div>\n<p><span style=\"border-radius: 2px; text-indent: 20px; width: auto; padding: 0px 4px 0px 0px; text-align: center; font: bold 11px\/20px 'Helvetica Neue',Helvetica,sans-serif; color: #ffffff; background: #bd081c no-repeat scroll 3px 50% \/ 14px 14px; position: absolute; opacity: 1; z-index: 8675309; display: none; cursor: pointer; top: 108px; left: 25px;\">Guardar<\/span><\/p>\n<p><span style=\"border-radius: 2px; text-indent: 20px; width: auto; padding: 0px 4px 0px 0px; text-align: center; font: bold 11px\/20px 'Helvetica Neue',Helvetica,sans-serif; color: #ffffff; background: #bd081c no-repeat scroll 3px 50% \/ 14px 14px; position: absolute; opacity: 1; z-index: 8675309; display: none; cursor: pointer; top: 650px; left: 25px;\">Guardar<\/span><\/p>\n<p><span style=\"border-radius: 2px; text-indent: 20px; width: auto; padding: 0px 4px 0px 0px; text-align: center; font: bold 11px\/20px 'Helvetica Neue',Helvetica,sans-serif; color: #ffffff; background: #bd081c no-repeat scroll 3px 50% \/ 14px 14px; position: absolute; opacity: 1; z-index: 8675309; display: none; cursor: pointer;\">Guardar<\/span><\/p>\n<p><span style=\"border-radius: 2px; text-indent: 20px; width: auto; padding: 0px 4px 0px 0px; text-align: center; font: bold 11px\/20px 'Helvetica Neue',Helvetica,sans-serif; color: #ffffff; background: #bd081c no-repeat scroll 3px 50% \/ 14px 14px; position: absolute; opacity: 1; z-index: 8675309; display: none; cursor: pointer;\">Guardar<\/span><\/p>\n<p><span style=\"border-radius: 2px; text-indent: 20px; width: auto; padding: 0px 4px 0px 0px; text-align: center; font: bold 11px\/20px 'Helvetica Neue',Helvetica,sans-serif; color: #ffffff; background: #bd081c no-repeat scroll 3px 50% \/ 14px 14px; position: absolute; opacity: 1; z-index: 8675309; display: none; cursor: pointer;\">Guardar<\/span><\/p>\n<p><span style=\"border-radius: 2px; text-indent: 20px; width: auto; padding: 0px 4px 0px 0px; text-align: center; font: bold 11px\/20px 'Helvetica Neue',Helvetica,sans-serif; color: #ffffff; background: #bd081c no-repeat scroll 3px 50% \/ 14px 14px; position: absolute; opacity: 1; z-index: 8675309; display: none; cursor: pointer; top: 108px; left: 25px;\">Guardar<\/span><\/p>\n<p><span style=\"border-radius: 2px; text-indent: 20px; width: auto; padding: 0px 4px 0px 0px; text-align: center; font: bold 11px\/20px 'Helvetica Neue',Helvetica,sans-serif; color: #ffffff; background: #bd081c no-repeat scroll 3px 50% \/ 14px 14px; position: absolute; opacity: 1; z-index: 8675309; display: none; cursor: pointer; top: 1937px; left: 25px;\">Guardar<\/span><\/p>\n<p><span style=\"border-radius: 2px; text-indent: 20px; width: auto; padding: 0px 4px 0px 0px; text-align: center; font: bold 11px\/20px 'Helvetica Neue',Helvetica,sans-serif; color: #ffffff; background: #bd081c no-repeat scroll 3px 50% \/ 14px 14px; position: absolute; opacity: 1; z-index: 8675309; display: none; cursor: pointer; top: 3013px; left: 25px;\">Guardar<\/span><\/p>\n<p><span style=\"border-radius: 2px; text-indent: 20px; width: auto; padding: 0px 4px 0px 0px; text-align: center; font: bold 11px\/20px 'Helvetica Neue',Helvetica,sans-serif; color: #ffffff; background: #bd081c no-repeat scroll 3px 50% \/ 14px 14px; position: absolute; opacity: 1; z-index: 8675309; display: none; cursor: pointer; top: 1937px; left: 25px;\">Guardar<\/span><\/p>\n<p><span style=\"border-radius: 2px; text-indent: 20px; width: auto; padding: 0px 4px 0px 0px; text-align: center; font: bold 11px\/20px 'Helvetica Neue',Helvetica,sans-serif; color: #ffffff; background: #bd081c no-repeat scroll 3px 50% \/ 14px 14px; position: absolute; opacity: 1; z-index: 8675309; display: none; cursor: pointer; top: 108px; left: 25px;\">Guardar<\/span><\/p>\n<p><span style=\"border-radius: 2px; text-indent: 20px; width: auto; padding: 0px 4px 0px 0px; text-align: center; font: bold 11px\/20px 'Helvetica Neue',Helvetica,sans-serif; color: #ffffff; background: #bd081c no-repeat scroll 3px 50% \/ 14px 14px; position: absolute; opacity: 1; z-index: 8675309; display: none; cursor: pointer;\">Guardar<\/span><\/p>\n<p><span style=\"border-radius: 2px; text-indent: 20px; width: auto; padding: 0px 4px 0px 0px; text-align: center; font: bold 11px\/20px 'Helvetica Neue',Helvetica,sans-serif; color: #ffffff; background: #bd081c no-repeat scroll 3px 50% \/ 14px 14px; position: absolute; opacity: 1; z-index: 8675309; display: none; cursor: pointer;\">Guardar<\/span><\/p>\n<p><span style=\"border-radius: 2px; text-indent: 20px; width: auto; padding: 0px 4px 0px 0px; text-align: center; font: bold 11px\/20px 'Helvetica Neue',Helvetica,sans-serif; color: #ffffff; background: #bd081c  no-repeat scroll 3px 50% \/ 14px 14px; position: absolute; opacity: 1; z-index: 8675309; display: none; cursor: pointer; top: 1192px; left: 25px;\">Guardar<\/span><\/p>\n\n\n<\/div>\n","protected":false},"excerpt":{"rendered":"<div class=\"entry-summary\" itemprop=\"text\">\n<p>\u00c1reas de Investigaci\u00f3n Las l\u00edneas de investigaci\u00f3n del Departamento de Ingener\u00eda Biol\u00f3gica estan orientadas a resolver problemas provenientes de los procesos productivos agroindustriales y de las aplicaciones m\u00e9dicas y biol\u00f3gicas. Ejes transversales Guardar Guardar Guardar Guardar Guardar Guardar Guardar Guardar Guardar Guardar Guardar Guardar Guardar Guardar Guardar Guardar Guardar Guardar<\/p>\n\n<\/div>\n","protected":false},"author":1,"featured_media":0,"parent":0,"menu_order":0,"comment_status":"closed","ping_status":"closed","template":"","meta":{"footnotes":""},"class_list":["post-67","page","type-page","status-publish","hentry","entry-lead"],"_links":{"self":[{"href":"https:\/\/ingbio.paap.cup.edu.uy\/index.php\/wp-json\/wp\/v2\/pages\/67","targetHints":{"allow":["GET"]}}],"collection":[{"href":"https:\/\/ingbio.paap.cup.edu.uy\/index.php\/wp-json\/wp\/v2\/pages"}],"about":[{"href":"https:\/\/ingbio.paap.cup.edu.uy\/index.php\/wp-json\/wp\/v2\/types\/page"}],"author":[{"embeddable":true,"href":"https:\/\/ingbio.paap.cup.edu.uy\/index.php\/wp-json\/wp\/v2\/users\/1"}],"replies":[{"embeddable":true,"href":"https:\/\/ingbio.paap.cup.edu.uy\/index.php\/wp-json\/wp\/v2\/comments?post=67"}],"version-history":[{"count":71,"href":"https:\/\/ingbio.paap.cup.edu.uy\/index.php\/wp-json\/wp\/v2\/pages\/67\/revisions"}],"predecessor-version":[{"id":3553,"href":"https:\/\/ingbio.paap.cup.edu.uy\/index.php\/wp-json\/wp\/v2\/pages\/67\/revisions\/3553"}],"wp:attachment":[{"href":"https:\/\/ingbio.paap.cup.edu.uy\/index.php\/wp-json\/wp\/v2\/media?parent=67"}],"curies":[{"name":"wp","href":"https:\/\/api.w.org\/{rel}","templated":true}]}}