{"id":5368,"date":"2019-02-26T15:21:04","date_gmt":"2019-02-26T18:21:04","guid":{"rendered":"https:\/\/ingbio.paap.cup.edu.uy\/?page_id=5368"},"modified":"2019-02-26T15:47:50","modified_gmt":"2019-02-26T18:47:50","slug":"salas-y-aulas-de-dictado-de-clases","status":"publish","type":"page","link":"https:\/\/ingbio.paap.cup.edu.uy\/index.php\/salas-y-aulas-de-dictado-de-clases\/","title":{"rendered":"Salas y Aulas de dictado de Clases"},"content":{"rendered":"<div class=\"entry-content\" itemprop=\"text\">\n<h3>Salto:<\/h3>\n<p><strong>\u2022 Sistema de reserva de Salas y Aulas Salto.<\/strong><br \/>\nLink al sistema donde se podr\u00e1n consultar los salones de los cursos en la sede de Salto: <a href=\"http:\/\/salones.unorte.edu.uy\/\">http:\/\/salones.unorte.edu.uy\/<\/a><\/p>\n<hr \/>\n<h3><\/h3>\n<h3>Paysand\u00fa:<\/h3>\n<p><strong>\u2022 Sistema de reserva de Salas y Aulas Paysand\u00fa.<\/strong><br \/>\nLink al sistema donde se podr\u00e1n consultar los salones de los cursos en la sede de Paysand\u00fa (CUP): <a href=\"http:\/\/aulas.cup.edu.uy\/\">http:\/\/aulas.cup.edu.uy\/<\/a><br \/>\n<strong>\u2022 Sistema de reserva de Laboratorio Ingenier\u00eda Biol\u00f3gica, EEMAC.<\/strong><br \/>\nLink al sistema donde se podr\u00e1n consultar los salones de los cursos en la sede de Paysand\u00fa: <a href=\"https:\/\/munch.paap.cup.edu.uy\/salones\/\">https:\/\/munch.paap.cup.edu.uy\/salones\/<\/a><\/p>\n<hr \/>\n<h3><\/h3>\n<h3>Montevideo:<\/h3>\n<p>Los salones de cada curso se indican en la planilla de <strong><a href=\"https:\/\/www.fing.edu.uy\/horarios\">horarios <\/a>de Montevideo<\/strong>, publicada por Facultad de Ingenier\u00eda.<br \/>\nLa ubicaci\u00f3n de los salones dentro de facultad se podr\u00e1 consultar a trav\u00e9s de la siguiente direcci\u00f3n web:<a href=\"https:\/\/www.fing.edu.uy\/servicios\/div-secretar%C3%AD\/departamento-de-bedel%C3%AD\/ubicaci%C3%B3n-y-capacidad-de-los-salones\"> Ubicaci\u00f3n y capacidad de los Salones<\/a><\/p>\n<hr \/>\n<p>&nbsp;<\/p>\n\n\n<\/div>\n","protected":false},"excerpt":{"rendered":"<div class=\"entry-summary\" itemprop=\"text\">\n<p>Salto: \u2022 Sistema de reserva de Salas y Aulas Salto. Link al sistema donde se podr\u00e1n consultar los salones de los cursos en la sede de Salto: http:\/\/salones.unorte.edu.uy\/ Paysand\u00fa: \u2022 Sistema de reserva de Salas y Aulas Paysand\u00fa. Link al sistema donde se podr\u00e1n consultar los salones de los cursos en la sede de Paysand\u00fa &#8230;<\/p>\n\n<\/div>\n","protected":false},"author":1,"featured_media":0,"parent":0,"menu_order":0,"comment_status":"closed","ping_status":"closed","template":"","meta":{"footnotes":""},"class_list":["post-5368","page","type-page","status-publish","hentry","entry-lead"],"_links":{"self":[{"href":"https:\/\/ingbio.paap.cup.edu.uy\/index.php\/wp-json\/wp\/v2\/pages\/5368","targetHints":{"allow":["GET"]}}],"collection":[{"href":"https:\/\/ingbio.paap.cup.edu.uy\/index.php\/wp-json\/wp\/v2\/pages"}],"about":[{"href":"https:\/\/ingbio.paap.cup.edu.uy\/index.php\/wp-json\/wp\/v2\/types\/page"}],"author":[{"embeddable":true,"href":"https:\/\/ingbio.paap.cup.edu.uy\/index.php\/wp-json\/wp\/v2\/users\/1"}],"replies":[{"embeddable":true,"href":"https:\/\/ingbio.paap.cup.edu.uy\/index.php\/wp-json\/wp\/v2\/comments?post=5368"}],"version-history":[{"count":16,"href":"https:\/\/ingbio.paap.cup.edu.uy\/index.php\/wp-json\/wp\/v2\/pages\/5368\/revisions"}],"predecessor-version":[{"id":5396,"href":"https:\/\/ingbio.paap.cup.edu.uy\/index.php\/wp-json\/wp\/v2\/pages\/5368\/revisions\/5396"}],"wp:attachment":[{"href":"https:\/\/ingbio.paap.cup.edu.uy\/index.php\/wp-json\/wp\/v2\/media?parent=5368"}],"curies":[{"name":"wp","href":"https:\/\/api.w.org\/{rel}","templated":true}]}}