{"id":4511,"date":"2017-12-27T10:53:04","date_gmt":"2017-12-27T13:53:04","guid":{"rendered":"http:\/\/ingbio.paap.cup.edu.uy\/?page_id=4511"},"modified":"2018-03-06T15:14:25","modified_gmt":"2018-03-06T18:14:25","slug":"multimedia","status":"publish","type":"page","link":"https:\/\/ingbio.paap.cup.edu.uy\/index.php\/multimedia\/","title":{"rendered":"Material Multimedia"},"content":{"rendered":"<div class=\"entry-content\" itemprop=\"text\">\n<h3>Ense\u00f1anza<\/h3>\n<h4><span style=\"color: #ff6600;\">Presentaciones finales de Taller I de Ingenier\u00eda Biol\u00f3gica<\/span><\/h4>\n<div class=\"su-row\">\n<div class=\"su-column su-column-size-1-2\"><div class=\"su-column-inner su-u-clearfix su-u-trim\"> <\/div><\/div>\n<div class=\"su-column su-column-size-1-2\"><div class=\"su-column-inner su-u-clearfix su-u-trim\">\n<p style=\"text-align: justify;\">El curso\u00a0Taller 1 de Ingenier\u00eda Biol\u00f3gica es una de las materias espec\u00edficas de la carrera, cuyo objetivo\u00a0es condensar todos los aspectos de la formaci\u00f3n\u00a0proporcionada a lo largo de la carrera bajo la forma de un\u00a0curso introductorio. Su implementaci\u00f3n adopta un\u00a0nuevo paradigma educativo que tiene como prop\u00f3sitos:<\/p>\n<ul>\n<li style=\"text-align: justify;\">favorecer la apropiaci\u00f3n e integraci\u00f3n de conocimientos,<\/li>\n<li style=\"text-align: justify;\">contribuir a mejorar las competencias escritas y orales para la comunicaci\u00f3n de conocimiento cient\u00edfico,<\/li>\n<li style=\"text-align: justify;\">incentivar la creatividad y capacidad\u00a0innovadora,<\/li>\n<li style=\"text-align: justify;\">y estimular la motivaci\u00f3n y autonom\u00eda de los estudiantes.<\/li>\n<\/ul>\n<p>&nbsp;<\/p>\n<p>&nbsp;<\/p>\n<p><a href=\"https:\/\/ingbio.paap.cup.edu.uy\/index.php\/2017\/09\/04\/presentacion-de-trabajos-finales-de-tallr-1-de-ingenieria-biologica\/\">M\u00e1s informaci\u00f3n<\/a><\/p>\n<\/div><\/div>\n<\/div>\n<h3><\/h3>\n<hr \/>\n<h3>Investigaci\u00f3n<\/h3>\n<h4><span style=\"color: #ff6600;\">Divulgaci\u00f3n Cient\u00edfica<\/span><\/h4>\n<div class=\"su-row\">\n<div class=\"su-column su-column-size-1-2\"><div class=\"su-column-inner su-u-clearfix su-u-trim\"> <\/div><\/div>\n<div class=\"su-column su-column-size-1-2\"><div class=\"su-column-inner su-u-clearfix su-u-trim\">\n<p style=\"text-align: justify;\">Uno de los prop\u00f3sitos del Departamento es acercar y dar a conocer la labor de sus investigadores, mostrar las instalaciones y laboratorios donde desarrollan su trabajo.<\/p>\n<p style=\"text-align: justify;\">El video es una herramienta \u00fatil y eficaz a la hora de transmitir informaci\u00f3n cient\u00edfica de forma atractiva, y es capaz de atraer la atenci\u00f3n del espectador, suscitando su inter\u00e9s por participar en un di\u00e1logo abierto con el investigador.<\/p>\n<p style=\"text-align: justify;\">Por tal motivo se considera relevante la producci\u00f3n de forma \u00edntegra de mini-documentales cient\u00edficos que, posteriormente, son utilizados en formatos divulgativos (internet, proyecciones p\u00fablicas, congresos, jornadas, clases).<\/p>\n<p style=\"text-align: justify;\"><\/div><\/div>\n<\/div>\n<hr \/>\n<h3>Extensi\u00f3n<\/h3>\n<h4><span style=\"color: #ff6600;\">Difusi\u00f3n de Ciencia y Tecnolog\u00eda<\/span><\/h4>\n<p>Laboratorio de Experimentaci\u00f3n tecnol\u00f3gica \/\u00a0Hacklab Paysand\u00fa<\/p>\n<div class=\"su-row\">\n<div class=\"su-column su-column-size-1-2\"><div class=\"su-column-inner su-u-clearfix su-u-trim\"> <\/div><\/div>\n<div class=\"su-column su-column-size-1-2\"><div class=\"su-column-inner su-u-clearfix su-u-trim\">\n<p style=\"text-align: justify;\">El\u00a0Laboratorio de Experimentaci\u00f3n tecnol\u00f3gica \u2013 Hacklab Paysand\u00fa, es un proyecto del Departamento de Ingenier\u00eda Biol\u00f3gica, que\u00a0cuenta con el apoyo del Departamento de Promoci\u00f3n y Desarrollo de la Intendencia de Paysand\u00fa.<\/p>\n<p style=\"text-align: justify;\">A trav\u00e9s de este proyecto nuestro Departamento realiza actividades de extensi\u00f3n, educaci\u00f3n y divulgaci\u00f3n cient\u00edfica.<\/p>\n<p style=\"text-align: justify;\">Se trata de un espacio de encuentro e interacci\u00f3n entre la comunidad cient\u00edfica y el p\u00fablico en general, tiene como objetivo fomentar la cultura y el pensamiento cient\u00edfico a trav\u00e9s de experiencias interactivas y actividades participativas innovadoras en las que el visitante es el protagonista.<\/p>\n<p><a href=\"https:\/\/ingbio.paap.cup.edu.uy\/index.php\/difusion-de-ciencia-y-tecnologia\/\">M\u00e1s informaci\u00f3n<\/a><\/p>\n<\/div><\/div>\n<\/div>\n<hr \/>\n<h3>Difusi\u00f3n<\/h3>\n<h4><span style=\"color: #ff6600;\">Licenciatura en Ingenier\u00eda Biol\u00f3gica<\/span><\/h4>\n<div class=\"su-row\">\n<div class=\"su-column su-column-size-1-2\"><div class=\"su-column-inner su-u-clearfix su-u-trim\"> <\/div><\/div>\n<div class=\"su-column su-column-size-1-2\"><div class=\"su-column-inner su-u-clearfix su-u-trim\">\n<p style=\"text-align: justify;\">Dado que la Licenciatura en Ingenier\u00eda Biol\u00f3gica es una carrera nueva en la Universidad su difusi\u00f3n comunicar las caracter\u00edsticas de su campo disciplinar es relevante tanto a la interna como a la externa del Departamento. <\/div><\/div>\n<\/div>\n\n\n<\/div>\n","protected":false},"excerpt":{"rendered":"<div class=\"entry-summary\" itemprop=\"text\">\n<p>Ense\u00f1anza Presentaciones finales de Taller I de Ingenier\u00eda Biol\u00f3gica Investigaci\u00f3n Divulgaci\u00f3n Cient\u00edfica Extensi\u00f3n Difusi\u00f3n de Ciencia y Tecnolog\u00eda Laboratorio de Experimentaci\u00f3n tecnol\u00f3gica \/\u00a0Hacklab Paysand\u00fa Difusi\u00f3n Licenciatura en Ingenier\u00eda Biol\u00f3gica<\/p>\n\n<\/div>\n","protected":false},"author":1,"featured_media":0,"parent":0,"menu_order":0,"comment_status":"closed","ping_status":"closed","template":"","meta":{"footnotes":""},"class_list":["post-4511","page","type-page","status-publish","hentry","entry-lead"],"_links":{"self":[{"href":"https:\/\/ingbio.paap.cup.edu.uy\/index.php\/wp-json\/wp\/v2\/pages\/4511","targetHints":{"allow":["GET"]}}],"collection":[{"href":"https:\/\/ingbio.paap.cup.edu.uy\/index.php\/wp-json\/wp\/v2\/pages"}],"about":[{"href":"https:\/\/ingbio.paap.cup.edu.uy\/index.php\/wp-json\/wp\/v2\/types\/page"}],"author":[{"embeddable":true,"href":"https:\/\/ingbio.paap.cup.edu.uy\/index.php\/wp-json\/wp\/v2\/users\/1"}],"replies":[{"embeddable":true,"href":"https:\/\/ingbio.paap.cup.edu.uy\/index.php\/wp-json\/wp\/v2\/comments?post=4511"}],"version-history":[{"count":24,"href":"https:\/\/ingbio.paap.cup.edu.uy\/index.php\/wp-json\/wp\/v2\/pages\/4511\/revisions"}],"predecessor-version":[{"id":4766,"href":"https:\/\/ingbio.paap.cup.edu.uy\/index.php\/wp-json\/wp\/v2\/pages\/4511\/revisions\/4766"}],"wp:attachment":[{"href":"https:\/\/ingbio.paap.cup.edu.uy\/index.php\/wp-json\/wp\/v2\/media?parent=4511"}],"curies":[{"name":"wp","href":"https:\/\/api.w.org\/{rel}","templated":true}]}}