{"id":4133,"date":"2017-12-12T10:04:29","date_gmt":"2017-12-12T13:04:29","guid":{"rendered":"http:\/\/ingbio.paap.cup.edu.uy\/?page_id=4133"},"modified":"2018-03-13T09:27:00","modified_gmt":"2018-03-13T12:27:00","slug":"ricardo-armentano","status":"publish","type":"page","link":"https:\/\/ingbio.paap.cup.edu.uy\/index.php\/ricardo-armentano\/","title":{"rendered":"Ricardo Armentano"},"content":{"rendered":"<div class=\"entry-content\" itemprop=\"text\">\n<p><strong>Formaci\u00f3n<\/strong><\/p>\n<p>Situaci\u00f3n actual ANII<br \/>\nVigencia:\u00a001\/06\/2016<br \/>\nC\u00f3digo de propuesta:\u00a0SNI_2008_1245<br \/>\n\u00c1rea\/Sub\u00e1rea:\u00a0Ingenier\u00eda y Tecnolog\u00eda\/Ingenier\u00eda M\u00e9dica<br \/>\nCategor\u00eda\/Nivel:\u00a0Investigador Activo\/Nivel III<br \/>\nFin Contrato:\u00a031\/05\/2020<\/p>\n<p style=\"text-align: justify;\">Ricardo Armentano es Ingeniero Electr\u00f3nico de la Universidad Tecnol\u00f3gica Nacional, Argentina, desde 1986. Hizo dos doctorados uno en Ciencias Fisiol\u00f3gicas, Universidad de Buenos Aires, Argentina en 1994 y otro en Biomec\u00e1nica en la Universite de Paris VII, Francia en 1999.<\/p>\n<p style=\"text-align: justify;\">Es Docente Grado 5, Profesor Titular, 40 horas semanales en el Centro Universitario de Paysand\u00fa \u2013 UdelaR, y Docente Grado 4 Interino, 10 horas semanales de la Facultad de Medicina \u2013 UdelaR.<\/p>\n<p style=\"text-align: justify;\">En el per\u00edodo evaluado presenta una extensa producci\u00f3n cient\u00edfica y tecnol\u00f3gica, avalada por numerosas publicaciones de calidad en revistas arbitradas y anales de eventos arbitrados, su participaci\u00f3n en proyectos de investigaci\u00f3n como responsable o integrante del equipo con financiaci\u00f3n ANII principalmente as\u00ed como tambi\u00e9n en trabajos de extensi\u00f3n. En el per\u00edodo, tiene una tutor\u00eda de tesis de doctorado finalizada y varias de doctorado y maestr\u00edas en marcha. Ha sido Profesor Visitante de varios centros extranjeros de primer nivel. Es representante para America Latina EMB IEEE, Vice Chair of Global Citizen Safety and Security Working Group, (IFMBE). Evaluador de revistas cient\u00edficas, proyectos y eventos. Particip\u00f3 en la creaci\u00f3n de la Licenciatura Ing. Biol\u00f3gica.<br \/>\nM\u00e1s all\u00e1 del per\u00edodo, la trayectoria del Dr.Armentano es destacada y su rol como l\u00edder de grupos de investigaci\u00f3n productivos es sostenido en el tiempo. Ha realizado un aporte muy valioso al desarrollo de la Ingenier\u00eda Biom\u00e9dica en la regi\u00f3n, consolidando capacidades institucionales, formando investigadores que han sdo a su vez reconocidos, y dirigiendo proyectos de investigaci\u00f3n. Es un referente a nivel internacional que ha consolidado varias redes internacionales de trabajo, entre otros m\u00e9ritos ha sido General Chair dela IEEE EMBC 2010 en Buenos Aires, y a recibido diversos reconocimientos y prmios a lo largo de su carrera.<br \/>\nSu l\u00ednea de trabajo contin\u00faa en forma destacada en el per\u00edodo, con una muy buena producci\u00f3n en revistas internacionales arbitradas. El volumen de su producci\u00f3n y formaci\u00f3n de RRHH en el periodo es acorde a lo esperado en los niveles superiores del SNI. Es un investigador de trayectoria, con reconocimiento internacional y referente en su \u00e1rea. Cumple de este modo con los requisitos para ser considerado un investigador Nivel III en el SNI.<\/p>\n<p style=\"text-align: justify;\">Es promovido a nivel III. Se reconoce de esta manera la trayectoria del investigador, su producci\u00f3n cient\u00edfica, su rol como formador de RRHH, y de referente internacional.<\/p>\n\n\n<\/div>\n","protected":false},"excerpt":{"rendered":"<div class=\"entry-summary\" itemprop=\"text\">\n<p>Formaci\u00f3n Situaci\u00f3n actual ANII Vigencia:\u00a001\/06\/2016 C\u00f3digo de propuesta:\u00a0SNI_2008_1245 \u00c1rea\/Sub\u00e1rea:\u00a0Ingenier\u00eda y Tecnolog\u00eda\/Ingenier\u00eda M\u00e9dica Categor\u00eda\/Nivel:\u00a0Investigador Activo\/Nivel III Fin Contrato:\u00a031\/05\/2020 Ricardo Armentano es Ingeniero Electr\u00f3nico de la Universidad Tecnol\u00f3gica Nacional, Argentina, desde 1986. Hizo dos doctorados uno en Ciencias Fisiol\u00f3gicas, Universidad de Buenos Aires, Argentina en 1994 y otro en Biomec\u00e1nica en la Universite de Paris VII, Francia &#8230;<\/p>\n\n<\/div>\n","protected":false},"author":1,"featured_media":0,"parent":0,"menu_order":0,"comment_status":"closed","ping_status":"closed","template":"","meta":{"footnotes":""},"class_list":["post-4133","page","type-page","status-publish","hentry","entry-lead"],"_links":{"self":[{"href":"https:\/\/ingbio.paap.cup.edu.uy\/index.php\/wp-json\/wp\/v2\/pages\/4133","targetHints":{"allow":["GET"]}}],"collection":[{"href":"https:\/\/ingbio.paap.cup.edu.uy\/index.php\/wp-json\/wp\/v2\/pages"}],"about":[{"href":"https:\/\/ingbio.paap.cup.edu.uy\/index.php\/wp-json\/wp\/v2\/types\/page"}],"author":[{"embeddable":true,"href":"https:\/\/ingbio.paap.cup.edu.uy\/index.php\/wp-json\/wp\/v2\/users\/1"}],"replies":[{"embeddable":true,"href":"https:\/\/ingbio.paap.cup.edu.uy\/index.php\/wp-json\/wp\/v2\/comments?post=4133"}],"version-history":[{"count":2,"href":"https:\/\/ingbio.paap.cup.edu.uy\/index.php\/wp-json\/wp\/v2\/pages\/4133\/revisions"}],"predecessor-version":[{"id":4830,"href":"https:\/\/ingbio.paap.cup.edu.uy\/index.php\/wp-json\/wp\/v2\/pages\/4133\/revisions\/4830"}],"wp:attachment":[{"href":"https:\/\/ingbio.paap.cup.edu.uy\/index.php\/wp-json\/wp\/v2\/media?parent=4133"}],"curies":[{"name":"wp","href":"https:\/\/api.w.org\/{rel}","templated":true}]}}