{"id":405,"date":"2015-12-16T10:36:56","date_gmt":"2015-12-16T13:36:56","guid":{"rendered":"http:\/\/192.168.0.207\/wordpress\/?page_id=405"},"modified":"2019-03-28T15:21:15","modified_gmt":"2019-03-28T18:21:15","slug":"publicaciones","status":"publish","type":"page","link":"https:\/\/ingbio.paap.cup.edu.uy\/index.php\/investigacion\/publicaciones\/","title":{"rendered":"Publicaciones"},"content":{"rendered":"<div class=\"entry-content\" itemprop=\"text\">\n<p><span style=\"color: #ff6600;\"><strong>Trabajos Cient\u00edficos Publicados<\/strong><\/span><strong><br \/>\n<\/strong><\/p>\n<ul>\n<li>Ricardo L. Armentano, Edmundo I. Cabrera Fisher, Leandro J. Cymberknop.<br \/>\n<strong><strong>\u00abBiomechanical Modeling of the Cardiovascular System\u00bb\u00a0<\/strong><\/strong><br \/>\n<span id=\"productTitle\" class=\"a-size-large\">IPEM-IOP Series in Physics and Engineering in Medicine and Biology,\u00a0Institute of Physics Publishing, 30 April 2019,\u00a0275 pages.<\/span><\/li>\n<li style=\"text-align: justify;\">Andrea Arnold, Christina Battista, Daniel Bia, Yanina Z\u00f3calo German, Ricardo L. Armentano, Hien Tran, Mette S. Olufsen.<br \/>\n<strong>\u00abUncertainty Quantification in a Patient-Specific 1D Arterial Network Model: EnKF-based Inflow Estimator\u201d. <\/strong>(aceptado)<\/li>\n<li style=\"text-align: justify;\">Bia, Daniel, Yanina Z\u00f3calo, Edmundo I Cabrera-Fischer, Sandra Wray, Ricardo L Armentano.<br \/>\n<strong>\u00ab<\/strong><strong>Quantitative analysis of the relationship between blood vessel wall constituents and viscoelastic properties: Dynamic biomechanical and structural in vitro studies in aorta and carotid arterie\u201d.<\/strong><br \/>\nPhysiology Journal Volume 2014 (2014), Article ID 142421, 9 pages.<\/li>\n<li style=\"text-align: justify;\">Armentano RL, Kun L.<br \/>\n<strong>\u00ab<\/strong><strong>Multidisciplinary, holistic and patient specific approach to follow up elderly adults\u201d.<\/strong><br \/>\nHealth and Technology, August 2014, Volume 4, Issue 2, pp 95-100<\/li>\n<li style=\"text-align: justify;\">Cabrera Fischer, Edmundo Ignacio; Bia, D; Galli C; Valtuille, R; Zocalo, Y; Wray, Sandra; Armentano, R.<br \/>\n<strong>\u00ab<\/strong><strong>Hemodialysis decreases carotid-brachial and carotid-femoral pulse wave velocities: A 5-year follow up study\u201d.<\/strong><br \/>\nHemodialysis International. Minneapolis USA: Wiley-Blackwell Publishing, inc. 2015 vol. n\u00b0. p . issn 1492-7535.<\/li>\n<li style=\"text-align: justify;\">Cabrera Fischer, Edmundo Ignacio; Bia, D; Zocalo, Y; Wray, Sandra; Armentano, R.<br \/>\n<strong>\u00ab<\/strong><strong>The adventitia layer modulates the arterial wall elastic response to intra-aortic counterpulsation: in vivo studies\u201d.<\/strong><br \/>\nARTIFICIAL ORGANS.: WILEY-BLACKWELL PUBLISHING, INC. 2014 vol. n\u00b0. p1 &#8211; 10. issn 0160-564X.<\/li>\n<li style=\"text-align: justify;\">Zocalo, Y; Bia, D; Cabrera Fischer, Edmundo Ignacio; Wray, Sandra; Galli, C.; Armentano, R.<br \/>\n<strong>\u00ab<\/strong><strong>Structural and functional properties of venous wall: Relationship between elastin, collagen and smooth muscle components and viscoelastic properties\u201d.<\/strong><br \/>\nISRN Physiology.New York: Hindawi. 2013 vol. n\u00b0. p1 &#8211; 9. issn 2314-467X.<\/li>\n<li style=\"text-align: justify;\">Mariano E Casciaro, Damian Craiem, Gilles Chironi, Sebastian Graf, Laurent Macron, Elie Mousseaux, Alain Simon, Ricardo L Armentano (2014)<br \/>\n<strong>\u00ab<\/strong><strong>Identifying the principal modes of variation in human thoracic aorta morphology\u201d.<\/strong><br \/>\nJournal of thoracic imaging 29: 4. 224-232 Jul.<\/li>\n<li style=\"text-align: justify;\">D. Suarez Bagnasco, F. Montini Ballarin, L. J. Cymberknop, G. Balay, C. Negreira, G. A. Abraham, R. L. Armentano,<br \/>\n<strong>\u00ab<\/strong><strong>Elasticity assessment of electrospun nanofibrous vascular grafts: A comparison with femoral ovine arteries\u201d.<\/strong><br \/>\nen Materials Science and Engineering: C 45:1 446-454, doi: 10.1016\/j.msec.2014.09.016, (2014).<\/li>\n<li style=\"text-align: justify;\">L. J. Cymberknop, R. L. Armentano, D. Suarez Bagnasco, F. Montini Ballar\u00edn, G. Balay, C. A. Negreira and G. Abraham,<br \/>\n<strong>\u00ab<\/strong><strong>A Biomechanical International Network for the Assessment of Tissue Engineered Blood Vessels\u201d<\/strong><br \/>\nPan American Health Care Exchanges (PAHCE \u201915) Conference (2015)<\/li>\n<li style=\"text-align: justify;\">D. Suarez-Bagnasco, L. J. Cymberknop, F.M. Ballarin, G. Balay, C. A. Negreira, G. Abraham and R. L. Armentano,<br \/>\n<strong>\u00ab<\/strong><strong>An in vitro set up for the assessment of electrospun nanofibrous vascular grafts\u201d,<\/strong><br \/>\nen VI Latin American Conference on Biomedical Engineering CLAIB 2014, (2014)<\/li>\n<li style=\"text-align: justify;\">R. L. Armentano, L. J. Cymberknop, D. S. Bagnasco, F. M. Ballarin, G. Balay, C. A. Negreira y G. A. Abraham,<br \/>\n<strong>\u201cSimilarities of Arterial Collagen Pressure-Diameter Relationship between Ovine Femoral Arteries and PLLA Vascular Grafts\u201d<\/strong>, en 36nd Annual International Conference of the IEEE Engineering and Medicine Society (EMBC\u201914), Chicago, EUA, (2014)<\/li>\n<\/ul>\n<ul style=\"text-align: justify;\">\n<li>M. Perez Zerpa, A. Canelas, B. Sensale, D. Bia Santana, R.L. Armentano.<br \/>\n<strong>\u00ab<\/strong><strong>Modeling the arterial wall mechanics using a novel high-order viscoelastic fractional element\u201d<\/strong><br \/>\nRevista: Applied Mathematical Modelling (ACEPTADO)<\/li>\n<li>Pierre-Yves Lagr\u00e9e, Xiao-Fei WANG, Ricardo Armentano, Jose-Maria FULLANA.<br \/>\n<strong>\u00ab<\/strong><strong>Effect of viscoelasticity of arterial wall on pulse waves of blood flow: a study on network of sheep\u201d.<\/strong><br \/>\nRevista Journal of Biomechanical Engineering (aceptado).<\/li>\n<\/ul>\n<p style=\"text-align: justify;\"><strong><span style=\"color: #ff6600;\">Art\u00edculos sobre abordaje educativo fueron publicados en:<\/span><\/strong><\/p>\n<ul style=\"text-align: justify;\">\n<li>XV JORNADAS DE LA SOCIEDAD URUGUAYA DE BIOCIENCIAS el 5 al 7 de setiembre, 2014: Ingenier\u00eda Inspirada por la Biolog\u00eda a trav\u00e9s de una propuesta del Centro Universitario Regional Litoral Noroeste de la Universidad de la Rep\u00fablica. Ricardo L Armentano, Gabriela Olivera y Luna y Juan Cardelino.<br \/>\n<a href=\"http:\/\/sub.fcien.edu.uy\/events\/xv-jornadas-de-la-sub\/programa-xv-jornadas-de-la-sub\">http:\/\/sub.fcien.edu.uy\/events\/xv-jornadas-de-la-sub\/programa-xv-jornadas-de-la-sub<\/a><\/li>\n<\/ul>\n<ul style=\"text-align: justify;\">\n<li>VI Congreso Latinoamericano de Ingenier\u00eda Biom\u00e9dica CLAIB 2014 Paran\u00e1, Entre R\u00edos, Argentina 29, 30 y 31 de Octubre 2014:. Sintetizando a escala fractal una carrera en Ingenier\u0131a Biologica en un curso introductorio (id 421)Juan Cardelino, Ricardo Armentano, Gabriela Olivera y Luna.<br \/>\n<a href=\"http:\/\/www.bioingenieria.edu.ar\/eventos\/claib2014\/archivos\/lista_trabajos.pdf\">http:\/\/www.bioingenieria.edu.ar\/eventos\/claib2014\/archivos\/lista_trabajos.pdf<\/a><\/li>\n<\/ul>\n<ul style=\"text-align: justify;\">\n<li>Engineering fuels innovation: The motto for upgrading the biological engineering degree. Author(s) Armentano, R.L Olivera, G. ; Cardelino, J. Published in: MOOC, Innovation and Technology in Education (MITE), 2014 IEEE International Conference on Date of Conference: 19-20 Dec. 2014 Page(s): 105 &#8211; 107 INSPEC Accession Number: 14871580 Conference Location : Patiala DOI: 10.1109\/MITE.2014.7020250 Publisher: IEEE<br \/>\n<a href=\"http:\/\/ieeexplore.ieee.org\/xpl\/login.jsp?tp=&amp;arnumber=7020250&amp;url=http%3A%2F%2Fieeexplore.ieee.org%2Fstamp%2Fstamp.jsp%3Ftp%3D%26arnumber%3D7020250\">http:\/\/ieeexplore.ieee.org\/xpl\/login.jsp?tp=&amp;arnumber=7020250&amp;url=http%3A%2F%2Fieeexplore.ieee.org%2Fstamp%2Fstamp.jsp%3Ftp%3D%26arnumber%3D7020250<\/a>.<\/li>\n<\/ul>\n<p style=\"text-align: justify;\"><span style=\"color: #ff6600;\"><em>\u00a0<\/em><strong>Presentaciones a Congresos<\/strong><\/span><\/p>\n<ul style=\"text-align: justify;\">\n<li>Modelos de elementos finitos 1D para la simulaci\u00f3n del flujo sangu\u00edneo y su interacci\u00f3n con la pared arterial. Felipe Gabald\u00f3n, Leandro Cymberknop, Manuel Alfonso y Ricardo Armentano. V Reuni\u00f3n del Cap\u00edtulo Espa\u00f1ol de la Sociedad Europea de Biomec\u00e1nica (ESB). 20 Noviembre 2015, Madrid.<\/li>\n<\/ul>\n<ul style=\"text-align: justify;\">\n<li>D. Suarez, R. Armentano, G. Balay, C. Negreira. Determinaci\u00f3n experimental de propiedades mec\u00e1nicas de sustitutos vasculares artificiales mediante t\u00e9cnicas ultras\u00f3nicas. XIV Congreso Sociedad Uruguaya de F\u00edsica, octubre 2014.<\/li>\n<\/ul>\n<ul style=\"text-align: justify;\">\n<li>D. Suarez, R.Armentano, C. Negreira. Estudio de la interacci\u00f3n pared arterial-fluido en arterias y su vinculaci\u00f3n con las propiedades biomec\u00e1nicas y hemodin\u00e1micas del vaso en condiciones normales y patol\u00f3gicas. XIV Congreso Sociedad Uruguaya de F\u00edsica, octubre 2014.<\/li>\n<\/ul>\n<ul style=\"text-align: justify;\">\n<li>F. M. Ballarin, D. Suarez Bagnasco, L. J. Cymberknop, P. C. Caracciolo, G. Balay, C. A. Negreira, R. L. Armentano y G. Abraham, \u201cMechanical Characterization of Nanofibrous Small-Diameter Vascular Grafts\u201d, en 8vo COLAOB, Rosario, Argentina, (2014).<\/li>\n<\/ul>\n<ul style=\"text-align: justify;\">\n<li>M. P\u00e9rez Zerpa; Alfredo Canelas; Berardi Sensale; Daniel Bia Santana; R. L. Armentano. Modelamiento de tejido arterial utilizando un elemento fraccional viscoel\u00e1stico de orden superior, XXI Congreso sobre M\u00e9todos Num\u00e9ricos y sus Aplicaciones , Bariloche, Argentina , 2014<\/li>\n<\/ul>\n<ul style=\"text-align: justify;\">\n<li>M. Perez Zerpa, A. Canelas, B. Sensale, D. Bia Santana, R.L. Armentano. A high-order viscoelastic fractional element applied to modeling ovine arterial wall behavior , 2014 11th World Congress on Computational Mechanics (WCCM XI) , Barcelona , 2014.<\/li>\n<\/ul>\n<ul style=\"text-align: justify;\">\n<li>Legnani WE, Cymberknop LJ, Alfonso MR, Pessana FM, Armentano RL Chaos Detection in Ventricular Wall Thickness Pulsatility.. Presentado por el Dr. L. J. Cymberknop en VI Latin American Conference on Biomedical Engineering CLAIB 2014.<\/li>\n<\/ul>\n<ul style=\"text-align: justify;\">\n<li>Alfonso MR, Cymberknop LJ, Legnani W, Pessana FM, Armentano RL Conceptual Model of Arterial Tree Based on Solitons by Compartments.. Presentado por el Dr. L. J. Cymberknop en 36nd Annual International Conference of the IEEE Engineering and Medicine Society EMBC 2014, Chicago, EUA.<\/li>\n<\/ul>\n<ul style=\"text-align: justify;\">\n<li>Alfonso MR, Legnani WE, Cymberknop LJ, Pessana FM, Armentano RL Solitons Propagation in a Thin Walled Elastic Tube for the Study of Arterial Wall Mechanics.. Presentado en International Conferences of Spectral and High Order Methods, ICOSAHOM 2014.<\/li>\n<\/ul>\n<ul>\n<li style=\"text-align: justify;\">Diego Suarez, Leandro Javier Cymberknop, Florencia Montini Ballarin, Guillermo Balay, Carlos Negreira, Gustavo Abraham, Ricardo Luis Armentano An in vitro set up for the assessment of electrospun nanofibrous vascular grafts. IOP journals. VI Congreso Latinoamericano de Ingenier\u00eda Biom\u00e9dica CLAIB 2014. Paran\u00e1, Entre R\u00edos, Argentina 29, 30 y 31 de Octubre 2014.<\/li>\n<li style=\"text-align: justify;\">Ricardo Luis Armentano. Presentaci\u00f3n de la Investigaci\u00f3nes Grupo Ingenier\u00eda Biologica. PRIMERA REUNI\u00d3N DE INVESTIGADORES DEL CENUR LITORAL NORTE-UDELAR. <em>14 y 15 de Mayo de 2015<\/em>. <em>Termas de Guaviy\u00fa.<\/em><\/li>\n<li style=\"text-align: justify;\">Pequera, G., F\u00e1brica, G., Bonezi, A., P\u00e9rez, N. (2014). Frequency Domain Methodology to Analyze Muscle Activation Sequences during Explosive Movements. <i>International Student Conference Chile \/ 7th Biomedical Engineering Conference Universidad de Concepci\u00f3n<\/i><i>. IEEE Engineering in Medicine &amp; Biology Society. <span dir=\"ltr\">[download id=\u00bb1681&#8243;]<\/span><\/i><\/li>\n<li style=\"text-align: justify;\">Pequera, G., P\u00e9rez, N., F\u00e1brica, G. (2015). Muscle coordination in explosive movements: a potential alternative method for study through electromyography<i>.<\/i><span dir=\"ltr\"><i> <\/i><i>Latin American Crosstalk in Biophysics and Physiology<\/i>. <em>[download id=\u00bb1690&#8243;]<\/em><\/span><i><br \/>\n<\/i><\/li>\n<\/ul>\n\n\n<\/div>\n","protected":false},"excerpt":{"rendered":"<div class=\"entry-summary\" itemprop=\"text\">\n<p>Trabajos Cient\u00edficos Publicados Ricardo L. Armentano, Edmundo I. Cabrera Fisher, Leandro J. Cymberknop. \u00abBiomechanical Modeling of the Cardiovascular System\u00bb\u00a0 IPEM-IOP Series in Physics and Engineering in Medicine and Biology,\u00a0Institute of Physics Publishing, 30 April 2019,\u00a0275 pages. Andrea Arnold, Christina Battista, Daniel Bia, Yanina Z\u00f3calo German, Ricardo L. Armentano, Hien Tran, Mette S. Olufsen. \u00abUncertainty Quantification &#8230;<\/p>\n\n<\/div>\n","protected":false},"author":1,"featured_media":0,"parent":67,"menu_order":0,"comment_status":"closed","ping_status":"closed","template":"","meta":{"footnotes":""},"class_list":["post-405","page","type-page","status-publish","hentry","entry-lead"],"_links":{"self":[{"href":"https:\/\/ingbio.paap.cup.edu.uy\/index.php\/wp-json\/wp\/v2\/pages\/405","targetHints":{"allow":["GET"]}}],"collection":[{"href":"https:\/\/ingbio.paap.cup.edu.uy\/index.php\/wp-json\/wp\/v2\/pages"}],"about":[{"href":"https:\/\/ingbio.paap.cup.edu.uy\/index.php\/wp-json\/wp\/v2\/types\/page"}],"author":[{"embeddable":true,"href":"https:\/\/ingbio.paap.cup.edu.uy\/index.php\/wp-json\/wp\/v2\/users\/1"}],"replies":[{"embeddable":true,"href":"https:\/\/ingbio.paap.cup.edu.uy\/index.php\/wp-json\/wp\/v2\/comments?post=405"}],"version-history":[{"count":16,"href":"https:\/\/ingbio.paap.cup.edu.uy\/index.php\/wp-json\/wp\/v2\/pages\/405\/revisions"}],"predecessor-version":[{"id":5424,"href":"https:\/\/ingbio.paap.cup.edu.uy\/index.php\/wp-json\/wp\/v2\/pages\/405\/revisions\/5424"}],"up":[{"embeddable":true,"href":"https:\/\/ingbio.paap.cup.edu.uy\/index.php\/wp-json\/wp\/v2\/pages\/67"}],"wp:attachment":[{"href":"https:\/\/ingbio.paap.cup.edu.uy\/index.php\/wp-json\/wp\/v2\/media?parent=405"}],"curies":[{"name":"wp","href":"https:\/\/api.w.org\/{rel}","templated":true}]}}