{"id":400,"date":"2015-12-16T10:31:37","date_gmt":"2015-12-16T13:31:37","guid":{"rendered":"http:\/\/192.168.0.207\/wordpress\/?page_id=400"},"modified":"2017-09-07T11:40:04","modified_gmt":"2017-09-07T14:40:04","slug":"areas","status":"publish","type":"page","link":"https:\/\/ingbio.paap.cup.edu.uy\/index.php\/investigacion\/areas\/","title":{"rendered":"\u00c1reas de investigaci\u00f3n"},"content":{"rendered":"<div class=\"entry-content\" itemprop=\"text\">\n<div class=\"su-column su-column-size-1-3\"><div class=\"su-column-inner su-u-clearfix su-u-trim\">\n<p><img decoding=\"async\" class=\"alignleft size-full wp-image-3487\" src=\"http:\/\/ingbio.paap.cup.edu.uy\/wp-content\/uploads\/2017\/09\/02.svg\" alt=\"\" \/><\/div><\/div><div class=\"su-column su-column-size-2-3 su-column-centered\"><div class=\"su-column-inner su-u-clearfix su-u-trim\">\n<a href=\"\" class=\"su-button su-button-style-ghost\" style=\"color:#000;background-color:#f4f1f1;border-color:#c4c1c1;border-radius:0px\" target=\"_self\" rel=\"lightbox\"><span style=\"color:#000;padding:0px 16px;font-size:13px;line-height:26px;border-color:#f8f6f6;border-radius:0px;text-shadow:none\"> L\u00edneas de investigaci\u00f3n del \u00c1rea Fisiolog\u00eda <\/span><\/a>\n<p style=\"padding-left: 60px;\"><a href=\"http:\/\/ingbio.paap.cup.edu.uy\/index.php\/2016\/05\/18\/metodos-avanzadas-de-analisis-no-lineal-de-senales-imagenes-y-de-series-temporales-para-el-estudio-de-diversos-aspectos-provenientes-de-la-ingenieria-cardiovascular\/\">M\u00e9todos avanzadas de an\u00e1lisis no lineal de se\u00f1ales, im\u00e1genes y de series temporales para el estudio de diversos aspectos provenientes de la ingenier\u00eda cardiovascular.<\/a><\/p>\n<p style=\"padding-left: 60px;\"><a href=\"http:\/\/ingbio.paap.cup.edu.uy\/index.php\/2016\/05\/18\/ingenieria-de-tejidos\/\">Ingenier\u00eda de Tejidos<\/a><\/p>\n<p style=\"padding-left: 60px;\"><a href=\"http:\/\/ingbio.paap.cup.edu.uy\/index.php\/2016\/05\/18\/analisis-del-movimiento-humano\/\">An\u00e1lisis del Movimiento Humano<\/a><\/p>\n<p style=\"padding-left: 60px;\"><span style=\"color: #ff6600;\"><a href=\"http:\/\/ingbio.paap.cup.edu.uy\/index.php\/2016\/05\/18\/bioingenieria-del-envejecimiento-humano-aging\/\">Bioingenier\u00eda del Envejecimiento humano (aging)<\/a><\/span><\/p>\n<p style=\"padding-left: 60px;\"><span style=\"color: #ff6600;\"><a href=\"http:\/\/ingbio.paap.cup.edu.uy\/index.php\/2016\/05\/18\/tecnologias-de-apoyo-a-la-vida\/\">Tecnolog\u00edas de Apoyo a la Vida<\/a><\/span><\/p>\n<p style=\"padding-left: 60px;\"><\/div><\/div>\n<hr \/>\n<div class=\"su-column su-column-size-1-3\"><div class=\"su-column-inner su-u-clearfix su-u-trim\">\n<p><img decoding=\"async\" class=\"alignleft wp-image-3511 size-full\" src=\"http:\/\/ingbio.paap.cup.edu.uy\/wp-content\/uploads\/2015\/12\/05.svg\" alt=\"\" width=\"510.236px\" height=\"510.236px\" \/><\/div><\/div><div class=\"su-column su-column-size-2-3 su-column-centered\"><div class=\"su-column-inner su-u-clearfix su-u-trim\">\n<a href=\"\" class=\"su-button su-button-style-ghost\" style=\"color:#000;background-color:#f4f1f1;border-color:#c4c1c1;border-radius:0px\" target=\"_self\" rel=\"lightbox\"><span style=\"color:#000;padding:0px 16px;font-size:13px;line-height:26px;border-color:#f8f6f6;border-radius:0px;text-shadow:none\"> L\u00edneas de investigaci\u00f3n del \u00c1rea Modelado y Simulaci\u00f3n de Sistemas Biol\u00f3gicos <\/span><\/a>\n<p style=\"padding-left: 60px;\"><a href=\"http:\/\/ingbio.paap.cup.edu.uy\/index.php\/2016\/07\/11\/citometria-de-flujo\/\">An\u00e1lisis de datos de citometr\u00eda de flujo<\/a><\/p>\n<p style=\"padding-left: 60px;\"><\/div><\/div>\n<hr \/>\n<div class=\"su-column su-column-size-1-3\"><div class=\"su-column-inner su-u-clearfix su-u-trim\">\n<p><img decoding=\"async\" class=\"alignleft wp-image-3489 size-full\" src=\"http:\/\/ingbio.paap.cup.edu.uy\/wp-content\/uploads\/2017\/09\/04.svg\" alt=\"\" width=\"510.236px\" height=\"510.236px\" \/><\/div><\/div><div class=\"su-column su-column-size-2-3 su-column-centered\"><div class=\"su-column-inner su-u-clearfix su-u-trim\">\n<a href=\"\" class=\"su-button su-button-style-ghost\" style=\"color:#000;background-color:#f4f1f1;border-color:#c4c1c1;border-radius:0px\" target=\"_self\" rel=\"lightbox\"><span style=\"color:#000;padding:0px 16px;font-size:13px;line-height:26px;border-color:#f8f6f6;border-radius:0px;text-shadow:none\"> L\u00edneas de investigaci\u00f3n del \u00c1rea Agro: <\/span><\/a>\n<p style=\"padding-left: 60px;\"><a href=\"http:\/\/ingbio.paap.cup.edu.uy\/index.php\/2016\/05\/18\/investigacion-operativa-aplicada-a-sistemas-pastoriles-de-produccion-de-leche\/\">Investigaci\u00f3n Operativa Aplicada a Sistemas Pastoriles de Producci\u00f3n de Leche<\/a><\/p>\n<p style=\"padding-left: 60px;\"><\/div><\/div>\n<hr \/>\n<p>&nbsp;<\/p>\n<p><span style=\"border-radius: 2px; text-indent: 20px; width: auto; padding: 0px 4px 0px 0px; text-align: center; font: bold 11px\/20px 'Helvetica Neue',Helvetica,sans-serif; color: #ffffff; background: #bd081c no-repeat scroll 3px 50% \/ 14px 14px; position: absolute; opacity: 1; z-index: 8675309; display: none; cursor: pointer;\">Guardar<\/span><\/p>\n<p><span style=\"border-radius: 2px; text-indent: 20px; width: auto; padding: 0px 4px 0px 0px; text-align: center; font: bold 11px\/20px 'Helvetica Neue',Helvetica,sans-serif; color: #ffffff; background: #bd081c no-repeat scroll 3px 50% \/ 14px 14px; position: absolute; opacity: 1; z-index: 8675309; display: none; cursor: pointer;\">Guardar<\/span><\/p>\n<p><span style=\"border-radius: 2px; text-indent: 20px; width: auto; padding: 0px 4px 0px 0px; text-align: center; font: bold 11px\/20px 'Helvetica Neue',Helvetica,sans-serif; color: #ffffff; background: #bd081c no-repeat scroll 3px 50% \/ 14px 14px; position: absolute; opacity: 1; z-index: 8675309; display: none; cursor: pointer; top: 64px; left: 25px;\">Guardar<\/span><\/p>\n<p><span style=\"border-radius: 2px; text-indent: 20px; width: auto; padding: 0px 4px 0px 0px; text-align: center; font: bold 11px\/20px 'Helvetica Neue',Helvetica,sans-serif; color: #ffffff; background: #bd081c no-repeat scroll 3px 50% \/ 14px 14px; position: absolute; opacity: 1; z-index: 8675309; display: none; cursor: pointer;\">Guardar<\/span><\/p>\n<p><span style=\"border-radius: 2px; text-indent: 20px; width: auto; padding: 0px 4px 0px 0px; text-align: center; font: bold 11px\/20px 'Helvetica Neue',Helvetica,sans-serif; color: #ffffff; background: #bd081c no-repeat scroll 3px 50% \/ 14px 14px; position: absolute; opacity: 1; z-index: 8675309; display: none; cursor: pointer; top: 64px; left: 25px;\">Guardar<\/span><\/p>\n<p><span style=\"border-radius: 2px; text-indent: 20px; width: auto; padding: 0px 4px 0px 0px; text-align: center; font: bold 11px\/20px 'Helvetica Neue',Helvetica,sans-serif; color: #ffffff; background: #bd081c no-repeat scroll 3px 50% \/ 14px 14px; position: absolute; opacity: 1; z-index: 8675309; display: none; cursor: pointer;\">Guardar<\/span><\/p>\n<p><span style=\"border-radius: 2px; text-indent: 20px; width: auto; padding: 0px 4px 0px 0px; text-align: center; font: bold 11px\/20px 'Helvetica Neue',Helvetica,sans-serif; color: #ffffff; background: #bd081c no-repeat scroll 3px 50% \/ 14px 14px; position: absolute; opacity: 1; z-index: 8675309; display: none; cursor: pointer; top: 79px; left: 25px;\">Guardar<\/span><\/p>\n<p><span style=\"border-radius: 2px; text-indent: 20px; width: auto; padding: 0px 4px 0px 0px; text-align: center; font: bold 11px\/20px 'Helvetica Neue',Helvetica,sans-serif; color: #ffffff; background: #bd081c no-repeat scroll 3px 50% \/ 14px 14px; position: absolute; opacity: 1; z-index: 8675309; display: none; cursor: pointer; top: 79px; left: 25px;\">Guardar<\/span><\/p>\n<p><span style=\"border-radius: 2px; text-indent: 20px; width: auto; padding: 0px 4px 0px 0px; text-align: center; font: bold 11px\/20px 'Helvetica Neue',Helvetica,sans-serif; color: #ffffff; background: #bd081c no-repeat scroll 3px 50% \/ 14px 14px; position: absolute; opacity: 1; z-index: 8675309; display: none; cursor: pointer; top: 79px; left: 25px;\">Guardar<\/span><\/p>\n<p><span style=\"border-radius: 2px; text-indent: 20px; width: auto; padding: 0px 4px 0px 0px; text-align: center; font: bold 11px\/20px 'Helvetica Neue',Helvetica,sans-serif; color: #ffffff; background: #bd081c no-repeat scroll 3px 50% \/ 14px 14px; position: absolute; opacity: 1; z-index: 8675309; display: none; cursor: pointer;\">Guardar<\/span><\/p>\n<p><span style=\"border-radius: 2px; text-indent: 20px; width: auto; padding: 0px 4px 0px 0px; text-align: center; font: bold 11px\/20px 'Helvetica Neue',Helvetica,sans-serif; color: #ffffff; background: #bd081c no-repeat scroll 3px 50% \/ 14px 14px; position: absolute; opacity: 1; z-index: 8675309; display: none; cursor: pointer;\">Guardar<\/span><\/p>\n<p><span style=\"border-radius: 2px; text-indent: 20px; width: auto; padding: 0px 4px 0px 0px; text-align: center; font: bold 11px\/20px 'Helvetica Neue',Helvetica,sans-serif; color: #ffffff; background: #bd081c no-repeat scroll 3px 50% \/ 14px 14px; position: absolute; opacity: 1; z-index: 8675309; display: none; cursor: pointer; top: 1814px; left: 25px;\">Guardar<\/span><\/p>\n<p><span style=\"border-radius: 2px; text-indent: 20px; width: auto; padding: 0px 4px 0px 0px; text-align: center; font: bold 11px\/20px 'Helvetica Neue',Helvetica,sans-serif; color: #ffffff; background: #bd081c no-repeat scroll 3px 50% \/ 14px 14px; position: absolute; opacity: 1; z-index: 8675309; display: none; cursor: pointer; top: 1895px; left: 25px;\">Guardar<\/span><\/p>\n<p><span style=\"border-radius: 2px; text-indent: 20px; width: auto; padding: 0px 4px 0px 0px; text-align: center; font: bold 11px\/20px 'Helvetica Neue',Helvetica,sans-serif; color: #ffffff; background: #bd081c  no-repeat scroll 3px 50% \/ 14px 14px; position: absolute; opacity: 1; z-index: 8675309; display: none; cursor: pointer;\">Guardar<\/span><\/p>\n\n\n<\/div>\n","protected":false},"excerpt":{"rendered":"<div class=\"entry-summary\" itemprop=\"text\">\n<p>&nbsp; Guardar Guardar Guardar Guardar Guardar Guardar Guardar Guardar Guardar Guardar Guardar Guardar Guardar Guardar<\/p>\n\n<\/div>\n","protected":false},"author":1,"featured_media":0,"parent":67,"menu_order":0,"comment_status":"closed","ping_status":"closed","template":"","meta":{"footnotes":""},"class_list":["post-400","page","type-page","status-publish","hentry","entry-lead"],"_links":{"self":[{"href":"https:\/\/ingbio.paap.cup.edu.uy\/index.php\/wp-json\/wp\/v2\/pages\/400","targetHints":{"allow":["GET"]}}],"collection":[{"href":"https:\/\/ingbio.paap.cup.edu.uy\/index.php\/wp-json\/wp\/v2\/pages"}],"about":[{"href":"https:\/\/ingbio.paap.cup.edu.uy\/index.php\/wp-json\/wp\/v2\/types\/page"}],"author":[{"embeddable":true,"href":"https:\/\/ingbio.paap.cup.edu.uy\/index.php\/wp-json\/wp\/v2\/users\/1"}],"replies":[{"embeddable":true,"href":"https:\/\/ingbio.paap.cup.edu.uy\/index.php\/wp-json\/wp\/v2\/comments?post=400"}],"version-history":[{"count":55,"href":"https:\/\/ingbio.paap.cup.edu.uy\/index.php\/wp-json\/wp\/v2\/pages\/400\/revisions"}],"predecessor-version":[{"id":3550,"href":"https:\/\/ingbio.paap.cup.edu.uy\/index.php\/wp-json\/wp\/v2\/pages\/400\/revisions\/3550"}],"up":[{"embeddable":true,"href":"https:\/\/ingbio.paap.cup.edu.uy\/index.php\/wp-json\/wp\/v2\/pages\/67"}],"wp:attachment":[{"href":"https:\/\/ingbio.paap.cup.edu.uy\/index.php\/wp-json\/wp\/v2\/media?parent=400"}],"curies":[{"name":"wp","href":"https:\/\/api.w.org\/{rel}","templated":true}]}}