{"id":3554,"date":"2017-09-07T12:03:45","date_gmt":"2017-09-07T15:03:45","guid":{"rendered":"http:\/\/ingbio.paap.cup.edu.uy\/?page_id=3554"},"modified":"2021-10-26T11:13:25","modified_gmt":"2021-10-26T14:13:25","slug":"llamados-docentes","status":"publish","type":"page","link":"https:\/\/ingbio.paap.cup.edu.uy\/index.php\/llamados-docentes\/","title":{"rendered":"Llamados docentes"},"content":{"rendered":"<div class=\"entry-content\" itemprop=\"text\">\n<p style=\"text-align: justify;\">Somos una carrera universitaria en crecimiento empe\u00f1ada en atraer a acad\u00e9micos de excelencia. Si le interesa integrarse a nuestra actividad docente y de investigaci\u00f3n nos gustar\u00eda que se pusiera en contacto con nosotros completando el siguiente formulario.<\/p>\n<p style=\"text-align: justify;\"><strong>Requisitos para ser docente de la Licenciatura de Ingenier\u00eda Biol\u00f3gica:<\/strong><\/p>\n<p style=\"text-align: justify;\">La provisi\u00f3n de cargos se realizar\u00e1 a partir de concurso p\u00fablico, previa inscripci\u00f3n a trav\u00e9s de la web <a href=\"http:\/\/www.uruguayconcursa.gub.uy\" target=\"_blank\" rel=\"noopener noreferrer\">www.uruguayconcursa.gub.uy<\/a><\/p>\n<p style=\"text-align: justify;\">En los llamados que oportunamente se realizar\u00e1n los m\u00e9ritos de los aspirantes ser\u00e1n evaluados de acuerdo a su formaci\u00f3n acad\u00e9mica y experiencia en actividades de ense\u00f1anza, investigaci\u00f3n y extensi\u00f3n.<\/p>\n<p style=\"text-align: justify;\">\n<p style=\"text-align: justify;\">\n<p style=\"text-align: justify;\"><div class=\"su-row\"><div class=\"su-column su-column-size-1-3\"><div class=\"su-column-inner su-u-clearfix su-u-trim\">\n<h3>\u00c1rea\u00a0Bioingenier\u00eda<\/h3>\n<h3><img loading=\"lazy\" decoding=\"async\" class=\"alignnone wp-image-5587\" src=\"https:\/\/ingbio.paap.cup.edu.uy\/wp-content\/uploads\/2017\/09\/bioingenieria.jpg\" alt=\"\" width=\"250\" height=\"510\" \/><\/h3>\n<\/div><\/div>\n<div class=\"su-column su-column-size-2-3\"><div class=\"su-column-inner su-u-clearfix su-u-trim\">\n<h3><strong>T\u00edtulo: AYUDANTE\u00a0 para\u00a0el \u00e1rea de se\u00f1ales en la carrera de Ingenier\u00eda Biol\u00f3gica, en el \u00e1rea de Bioinstrumentaci\u00f3n. <\/strong><\/h3>\n<p>Se llama a aspirantes para la provisi\u00f3n interina de un cargo (Tipo II &#8211; Tecnol\u00f3gico) de AYUDANTE <em>(Grado 1, 20 horas semanales)<\/em> de la Licenciatura en Ingenier\u00eda Biol\u00f3gica, CENUR Litoral Norte \u2013 Sede Paysand\u00fa.<br \/>\nUniversidad de la Rep\u00fablica &#8211; Facultad de Ingenier\u00eda.<\/p>\n<h4>Descripci\u00f3n de la propuesta laboral<\/h4>\n<p>&#8211; Participar de las l\u00edneas de investigaci\u00f3n en el \u00e1rea de Ingenier\u00eda Biol\u00f3gica.<br \/>\n&#8211; Participar en actividades de docencia en el \u00e1rea de se\u00f1ales en la carrera de Ingenier\u00eda Biol\u00f3gica, en el \u00e1rea de Bioinstrumentaci\u00f3n.<\/p>\n<p>Se evaluar\u00e1n los m\u00e9ritos y antecedentes en la siguiente ORIENTACI\u00d3N:<br \/>\n&#8211; Formaci\u00f3n en Ingenier\u00eda Biom\u00e9dica<br \/>\n&#8211; Formaci\u00f3n en Bioingenier\u00eda.<\/p>\n<p>Requisito excluyente de radicaci\u00f3n en el interior: SI.<\/p>\n<p>Per\u00edodo de postulaci\u00f3n: 29\/07\/2019 &#8211; 12\/08\/2019<br \/>\nLlamado N\u00ba 6627\/2019<br \/>\nDescripci\u00f3n:\u00a0<a href=\"https:\/\/ingbio.paap.cup.edu.uy\/wp-content\/uploads\/2017\/09\/LLAMADO_87_2019_-_Exp._060650-000044-19.odt.pdf\" target=\"_blank\" rel=\"noopener noreferrer\">REPARTIDO N\u00ba 34\/19<\/a><br \/>\nM\u00e1s informaci\u00f3n en:\u00a0<a href=\"https:\/\/www.uruguayconcursa.gub.uy\/Portal\/servlet\/com.si.recsel.verllamado?15911\" target=\"_blank\" rel=\"noopener noreferrer\">Uruguay concursa<\/a><\/p>\n<\/div><\/div><\/div>\n<div class=\"su-row\"><div class=\"su-column su-column-size-1-3\"><div class=\"su-column-inner su-u-clearfix su-u-trim\">\n<h3><span style=\"font-size: 18pt;\">\u00c1rea Fisiolog\u00eda<\/span><\/h3>\n<p><img decoding=\"async\" class=\"alignleft wp-image-3487\" src=\"http:\/\/ingbio.paap.cup.edu.uy\/wp-content\/uploads\/2017\/09\/02.svg\" alt=\"\" width=\"250\" \/><\/p>\n<p>&nbsp;<\/p>\n<\/div><\/div>\n<div class=\"su-column su-column-size-2-3\"><div class=\"su-column-inner su-u-clearfix su-u-trim\">\n<h3>T\u00edtulo: Ayudante para investigaci\u00f3n en an\u00e1lisis de im\u00e1genes y aprendizaje autom\u00e1tico<\/h3>\n<h4><a href=\"http:\/\/ingbio.paap.cup.edu.uy\/wp-content\/uploads\/2017\/09\/trabaje-con-nosotros-version-cuadrado-verde.jpg\"><img loading=\"lazy\" decoding=\"async\" class=\"alignleft wp-image-4415 size-medium\" src=\"http:\/\/ingbio.paap.cup.edu.uy\/wp-content\/uploads\/2017\/09\/trabaje-con-nosotros-version-cuadrado-verde-300x300.jpg\" alt=\"\" width=\"300\" height=\"300\" srcset=\"https:\/\/ingbio.paap.cup.edu.uy\/wp-content\/uploads\/2017\/09\/trabaje-con-nosotros-version-cuadrado-verde-300x300.jpg 300w, https:\/\/ingbio.paap.cup.edu.uy\/wp-content\/uploads\/2017\/09\/trabaje-con-nosotros-version-cuadrado-verde-150x150.jpg 150w, https:\/\/ingbio.paap.cup.edu.uy\/wp-content\/uploads\/2017\/09\/trabaje-con-nosotros-version-cuadrado-verde-768x768.jpg 768w, https:\/\/ingbio.paap.cup.edu.uy\/wp-content\/uploads\/2017\/09\/trabaje-con-nosotros-version-cuadrado-verde-75x75.jpg 75w, https:\/\/ingbio.paap.cup.edu.uy\/wp-content\/uploads\/2017\/09\/trabaje-con-nosotros-version-cuadrado-verde.jpg 900w\" sizes=\"auto, (max-width: 300px) 100vw, 300px\" \/><\/a>Descripci\u00f3n de la propuesta laboral<\/h4>\n<p><strong>Se busca:\u00a0<\/strong>Estudiante avanzado o reci\u00e9n egresado de las siguientes carreras:<\/p>\n<p>Ingenier\u00eda El\u00e9ctrica<br \/>\nIngenier\u00eda en Computaci\u00f3n<br \/>\nIngenier\u00eda Biol\u00f3gica<\/p>\n<p>&nbsp;<\/p>\n<p>&nbsp;<\/p>\n<p>&nbsp;<\/p>\n<p>&nbsp;<\/p>\n<div class=\"su-accordion su-u-trim\">\n<div class=\"su-spoiler su-spoiler-style-default su-spoiler-icon-plus su-spoiler-closed\" data-scroll-offset=\"0\" data-anchor-in-url=\"no\"><div class=\"su-spoiler-title\" tabindex=\"0\" role=\"button\"><span class=\"su-spoiler-icon\"><\/span>Ampliar informaci\u00f3n<\/div><div class=\"su-spoiler-content su-u-clearfix su-u-trim\">\n<p><strong>Cargo:<\/strong> Docente Grado 1<br \/>\n<strong>Carga Horaria:<\/strong> 20 horas semanales<br \/>\n<strong>Lugar de trabajo:<\/strong> Departamento de Ingenier\u00eda Biol\u00f3gica, Paysand\u00fa, Uruguay.<br \/>\n<strong>Proyectos a desarrollar: <\/strong><\/p>\n<ul>\n<li>Trabajar en un proyecto de investigaci\u00f3n dedicado al modelado de la interacci\u00f3n de la luz con la piel.<\/li>\n<li>Modelado y Simulaci\u00f3n de productos cosm\u00e9ticos y de protecci\u00f3n UV, di\u00e1gnostico de enfermedades de la piel (vitiligo, melanoma, etc)<\/li>\n<li>Este proyecto se enmarca en la colaboraci\u00f3n de nuestro Departamento con una empresa l\u00edder en el \u00e1rea de la cosm\u00e9tica.<\/li>\n<\/ul>\n<p><strong>Formaci\u00f3n:<\/strong> Existe la posibilidad de realizar una maestr\u00eda en el \u00e1rea y una pasant\u00eda en empresas y\/o instituciones del ramo.<\/p>\n<p><strong>Contacto:<\/strong> <span style=\"color: #ff0000;\"><span style=\"color: #ff6600;\">&#x73;&#x65;&#x63;&#x72;&#x65;&#116;&#97;&#114;&#105;a_i&#x6e;&#x67;&#x62;&#x69;&#x6f;&#x40;&#99;&#117;&#112;&#46;ed&#x75;&#x2e;&#x75;&#x79;<\/span>\u00a0<\/span><\/p>\n<p>Retribuciones\u00a0personal docente de la Udelar &#8211; enero\/2017 &#8211; <a href=\"http:\/\/www.universidad.edu.uy\/renderResource\/index\/resourceId\/44902\/siteId\/1\" target=\"_blank\" rel=\"noopener noreferrer\">Descargar<\/a><br \/>\n<\/div><\/div>\n<a href=\"https:\/\/goo.gl\/forms\/LTE6CmQtmdpY8B9j2\" class=\"su-button su-button-style-flat\" style=\"color:#fff;background-color:#116d6a;border-color:#0e5855;border-radius:0px\" target=\"_self\"><span style=\"color:#fff;padding:7px 20px;font-size:16px;line-height:24px;border-color:#599997;border-radius:0px;text-shadow:none\"><i class=\"sui sui-angle-double-right\" style=\"font-size:16px;color:#fff\"><\/i> Formulario de Postulaci\u00f3n<small style=\"padding-bottom:7px;color:#fff\">Postularse<\/small><\/span><\/a>\n<\/div>\n<hr \/>\n<h3>T\u00edtulo: Ayudante para Ingenier\u00eda en Rehabilitaci\u00f3n<\/h3>\n<h4>Descripci\u00f3n de la propuesta laboral<\/h4>\n<p><strong>Se busca: <\/strong>Estudiante avanzado o reci\u00e9n egresado de las siguientes carreras:<\/p>\n<ul>\n<li>Ingenier\u00eda El\u00e9ctrica<\/li>\n<li>Ingenier\u00eda en Computaci\u00f3n<\/li>\n<li>Ingenier\u00eda Biol\u00f3gica<\/li>\n<\/ul>\n<div class=\"su-accordion su-u-trim\">\n<div class=\"su-spoiler su-spoiler-style-default su-spoiler-icon-plus su-spoiler-closed\" data-scroll-offset=\"0\" data-anchor-in-url=\"no\"><div class=\"su-spoiler-title\" tabindex=\"0\" role=\"button\"><span class=\"su-spoiler-icon\"><\/span>Ampliar informaci\u00f3n<\/div><div class=\"su-spoiler-content su-u-clearfix su-u-trim\">\n<p><strong>Cargo:<\/strong> Docente Grado 1<br \/>\n<strong>Carga Horaria:<\/strong> 20 horas semanales<br \/>\n<strong>Lugar de trabajo:<\/strong> Departamento de Ingenier\u00eda Biol\u00f3gica, Paysand\u00fa, Uruguay.<br \/>\n<strong>Proyectos a desarrollar:<\/strong><\/p>\n<ul>\n<li>Trabajar en conjunto con instituciones relacionadas al tema de la discapacidad, evaluando soluciones tecnol\u00f3gicas para las mismas.<\/li>\n<\/ul>\n<p><strong>Contacto:<\/strong> <span style=\"color: #ff6600;\">&#x73;&#101;c&#x72;&#101;t&#x61;&#114;i&#x61;&#95;i&#x6e;&#103;b&#x69;&#111;&#64;&#x63;&#117;p&#x2e;&#101;d&#x75;&#46;u&#x79;<\/span><\/p>\n<p>Retribuciones\u00a0personal docente de la Udelar &#8211; enero\/2017 &#8211;\u00a0<a href=\"http:\/\/www.universidad.edu.uy\/renderResource\/index\/resourceId\/44902\/siteId\/1\" target=\"_blank\" rel=\"noopener noreferrer\">Descargar<\/a><\/p>\n<\/div><\/div>\n<a href=\"https:\/\/goo.gl\/forms\/LTE6CmQtmdpY8B9j2\" class=\"su-button su-button-style-flat\" style=\"color:#fff;background-color:#116d6a;border-color:#0e5855;border-radius:0px\" target=\"_self\"><span style=\"color:#fff;padding:7px 20px;font-size:16px;line-height:24px;border-color:#599997;border-radius:0px;text-shadow:none\"><i class=\"sui sui-angle-double-right\" style=\"font-size:16px;color:#fff\"><\/i> Formulario de Postulaci\u00f3n<small style=\"padding-bottom:7px;color:#fff\">Postularse<\/small><\/span><\/a>\n<hr \/>\n<\/div>\n<\/div><\/div><\/div>\n<p>&nbsp;<\/p>\n<div class=\"su-row\"><div class=\"su-column su-column-size-1-3\"><div class=\"su-column-inner su-u-clearfix su-u-trim\">\n<p><img decoding=\"async\" class=\"alignleft wp-image-3511\" src=\"http:\/\/ingbio.paap.cup.edu.uy\/wp-content\/uploads\/2015\/12\/05.svg\" alt=\"\" width=\"250\" \/><\/p>\n<\/div><\/div>\n<div class=\"su-column su-column-size-2-3\"><div class=\"su-column-inner su-u-clearfix su-u-trim\">\n<h3><span style=\"font-size: 18pt;\">\u00c1rea Modelado y Simulaci\u00f3n de Sistemas Biol\u00f3gicos<br \/>\n<\/span><\/h3>\n<p>Propuesta laboral:<\/p>\n<div class=\"su-accordion su-u-trim\">\n<div class=\"su-spoiler su-spoiler-style-default su-spoiler-icon-plus su-spoiler-closed\" data-scroll-offset=\"0\" data-anchor-in-url=\"no\"><div class=\"su-spoiler-title\" tabindex=\"0\" role=\"button\"><span class=\"su-spoiler-icon\"><\/span>Ampliar informaci\u00f3n<\/div><div class=\"su-spoiler-content su-u-clearfix su-u-trim\">\n<p>No hay llamados actualmente.<br \/>\n<\/div><\/div><\/div><\/div><\/div><\/div>\n<hr \/>\n<div class=\"su-row\"><div class=\"su-column su-column-size-1-3\"><div class=\"su-column-inner su-u-clearfix su-u-trim\">\n<p><img decoding=\"async\" class=\"alignleft wp-image-3489\" src=\"http:\/\/ingbio.paap.cup.edu.uy\/wp-content\/uploads\/2017\/09\/04.svg\" alt=\"\" width=\"250\" \/><\/p>\n<\/div><\/div>\n<div class=\"su-column su-column-size-2-3\"><div class=\"su-column-inner su-u-clearfix su-u-trim\">\n<h3><span style=\"font-size: 18pt;\">\u00c1rea Agro<\/span><\/h3>\n<p>Propuesta laboral:<\/p>\n<div class=\"su-accordion su-u-trim\">\n<div class=\"su-spoiler su-spoiler-style-default su-spoiler-icon-plus su-spoiler-closed\" data-scroll-offset=\"0\" data-anchor-in-url=\"no\"><div class=\"su-spoiler-title\" tabindex=\"0\" role=\"button\"><span class=\"su-spoiler-icon\"><\/span>Ampliar informaci\u00f3n<\/div><div class=\"su-spoiler-content su-u-clearfix su-u-trim\">\n<p>No hay llamados actualmente.<br \/>\n<\/div><\/div><\/div><\/div><\/div><\/div>\n<p><span style=\"border-radius: 2px; text-indent: 20px; width: auto; padding: 0px 4px 0px 0px; text-align: center; font: bold 11px\/20px 'Helvetica Neue',Helvetica,sans-serif; color: #ffffff; background: #bd081c no-repeat scroll 3px 50% \/ 14px 14px; position: absolute; opacity: 1; z-index: 8675309; display: none; cursor: pointer; top: 420px; left: 25px;\">Guardar<\/span><\/p>\n<p><span style=\"border-radius: 2px; text-indent: 20px; width: auto; padding: 0px 4px 0px 0px; text-align: center; font: bold 11px\/20px 'Helvetica Neue',Helvetica,sans-serif; color: #ffffff; background: #bd081c no-repeat scroll 3px 50% \/ 14px 14px; position: absolute; opacity: 1; z-index: 8675309; display: none; cursor: pointer;\">Guardar<\/span><\/p>\n<p><span style=\"border-radius: 2px; text-indent: 20px; width: auto; padding: 0px 4px 0px 0px; text-align: center; font: bold 11px\/20px 'Helvetica Neue',Helvetica,sans-serif; color: #ffffff; background: #bd081c no-repeat scroll 3px 50% \/ 14px 14px; position: absolute; opacity: 1; z-index: 8675309; display: none; cursor: pointer; top: 420px; left: 25px;\">Guardar<\/span><\/p>\n<p><span style=\"border-radius: 2px; text-indent: 20px; width: auto; padding: 0px 4px 0px 0px; text-align: center; font: bold 11px\/20px 'Helvetica Neue',Helvetica,sans-serif; color: #ffffff; background: #bd081c no-repeat scroll 3px 50% \/ 14px 14px; position: absolute; opacity: 1; z-index: 8675309; display: none; cursor: pointer;\">Guardar<\/span><\/p>\n<p><span style=\"border-radius: 2px; text-indent: 20px; width: auto; padding: 0px 4px 0px 0px; text-align: center; font: bold 11px\/20px 'Helvetica Neue',Helvetica,sans-serif; color: #ffffff; background: #bd081c no-repeat scroll 3px 50% \/ 14px 14px; position: absolute; opacity: 1; z-index: 8675309; display: none; cursor: pointer; top: 380px; left: 25px;\">Guardar<\/span><\/p>\n<p><span style=\"border-radius: 2px; text-indent: 20px; width: auto; padding: 0px 4px 0px 0px; text-align: center; font: bold 11px\/20px 'Helvetica Neue',Helvetica,sans-serif; color: #ffffff; background: #bd081c no-repeat scroll 3px 50% \/ 14px 14px; position: absolute; opacity: 1; z-index: 8675309; display: none; cursor: pointer; top: 435px; left: 25px;\">Guardar<\/span><\/p>\n<p><span style=\"border-radius: 2px; text-indent: 20px; width: auto; padding: 0px 4px 0px 0px; text-align: center; font: bold 11px\/20px 'Helvetica Neue',Helvetica,sans-serif; color: #ffffff; background: #bd081c no-repeat scroll 3px 50% \/ 14px 14px; position: absolute; opacity: 1; z-index: 8675309; display: none; cursor: pointer; top: 435px; left: 25px;\">Guardar<\/span><\/p>\n<p><span style=\"border-radius: 2px; text-indent: 20px; width: auto; padding: 0px 4px 0px 0px; text-align: center; font: bold 11px\/20px 'Helvetica Neue',Helvetica,sans-serif; color: #ffffff; background: #bd081c no-repeat scroll 3px 50% \/ 14px 14px; position: absolute; opacity: 1; z-index: 8675309; display: none; cursor: pointer; top: 476px; left: 25px;\">Guardar<\/span><\/p>\n<p><span style=\"border-radius: 2px; text-indent: 20px; width: auto; padding: 0px 4px 0px 0px; text-align: center; font: bold 11px\/20px 'Helvetica Neue',Helvetica,sans-serif; color: #ffffff; background: #bd081c no-repeat scroll 3px 50% \/ 14px 14px; position: absolute; opacity: 1; z-index: 8675309; display: none; cursor: pointer; top: 1396px; left: 25px;\">Guardar<\/span><\/p>\n<p><span style=\"border-radius: 2px; text-indent: 20px; width: auto; padding: 0px 4px 0px 0px; text-align: center; font: bold 11px\/20px 'Helvetica Neue',Helvetica,sans-serif; color: #ffffff; background: #bd081c no-repeat scroll 3px 50% \/ 14px 14px; position: absolute; opacity: 1; z-index: 8675309; display: none; cursor: pointer;\">Guardar<\/span><\/p>\n<p><span style=\"border-radius: 2px; text-indent: 20px; width: auto; padding: 0px 4px 0px 0px; text-align: center; font: bold 11px\/20px 'Helvetica Neue',Helvetica,sans-serif; color: #ffffff; background: #bd081c no-repeat scroll 3px 50% \/ 14px 14px; position: absolute; opacity: 1; z-index: 8675309; display: none; cursor: pointer; top: 983px; left: 25px;\">Guardar<\/span><\/p>\n<p><span style=\"border-radius: 2px; text-indent: 20px; width: auto; padding: 0px 4px 0px 0px; text-align: center; font: bold 11px\/20px 'Helvetica Neue',Helvetica,sans-serif; color: #ffffff; background: #bd081c no-repeat scroll 3px 50% \/ 14px 14px; position: absolute; opacity: 1; z-index: 8675309; display: none; cursor: pointer;\">Guardar<\/span><\/p>\n<p><span style=\"border-radius: 2px; text-indent: 20px; width: auto; padding: 0px 4px 0px 0px; text-align: center; font: bold 11px\/20px 'Helvetica Neue',Helvetica,sans-serif; color: #ffffff; background: #bd081c no-repeat scroll 3px 50% \/ 14px 14px; position: absolute; opacity: 1; z-index: 8675309; display: none; cursor: pointer;\">Guardar<\/span><\/p>\n<p><span style=\"border-radius: 2px; text-indent: 20px; width: auto; padding: 0px 4px 0px 0px; text-align: center; font: bold 11px\/20px 'Helvetica Neue',Helvetica,sans-serif; color: #ffffff; background: #bd081c no-repeat scroll 3px 50% \/ 14px 14px; position: absolute; opacity: 1; z-index: 8675309; display: none; cursor: pointer; top: 1487px; left: 25px;\">Guardar<\/span><\/p>\n<p><span style=\"border-radius: 2px; text-indent: 20px; width: auto; padding: 0px 4px 0px 0px; text-align: center; font: bold 11px\/20px 'Helvetica Neue',Helvetica,sans-serif; color: #ffffff; background: #bd081c no-repeat scroll 3px 50% \/ 14px 14px; position: absolute; opacity: 1; z-index: 8675309; display: none; cursor: pointer;\">Guardar<\/span><\/p>\n<p><span style=\"border-radius: 2px; text-indent: 20px; width: auto; padding: 0px 4px 0px 0px; text-align: center; font: bold 11px\/20px 'Helvetica Neue',Helvetica,sans-serif; color: #ffffff; background: #bd081c no-repeat scroll 3px 50% \/ 14px 14px; position: absolute; opacity: 1; z-index: 8675309; display: none; cursor: pointer;\">Guardar<\/span><\/p>\n<p><span style=\"border-radius: 2px; text-indent: 20px; width: auto; padding: 0px 4px 0px 0px; text-align: center; font: bold 11px\/20px 'Helvetica Neue',Helvetica,sans-serif; color: #ffffff; background: #bd081c no-repeat scroll 3px 50% \/ 14px 14px; position: absolute; opacity: 1; z-index: 8675309; display: none; cursor: pointer;\">Guardar<\/span><\/p>\n\n\n<\/div>\n","protected":false},"excerpt":{"rendered":"<div class=\"entry-summary\" itemprop=\"text\">\n<p>Somos una carrera universitaria en crecimiento empe\u00f1ada en atraer a acad\u00e9micos de excelencia. Si le interesa integrarse a nuestra actividad docente y de investigaci\u00f3n nos gustar\u00eda que se pusiera en contacto con nosotros completando el siguiente formulario. Requisitos para ser docente de la Licenciatura de Ingenier\u00eda Biol\u00f3gica: La provisi\u00f3n de cargos se realizar\u00e1 a partir &#8230;<\/p>\n\n<\/div>\n","protected":false},"author":1,"featured_media":0,"parent":0,"menu_order":0,"comment_status":"closed","ping_status":"closed","template":"","meta":{"footnotes":""},"class_list":["post-3554","page","type-page","status-publish","hentry","entry-lead"],"_links":{"self":[{"href":"https:\/\/ingbio.paap.cup.edu.uy\/index.php\/wp-json\/wp\/v2\/pages\/3554","targetHints":{"allow":["GET"]}}],"collection":[{"href":"https:\/\/ingbio.paap.cup.edu.uy\/index.php\/wp-json\/wp\/v2\/pages"}],"about":[{"href":"https:\/\/ingbio.paap.cup.edu.uy\/index.php\/wp-json\/wp\/v2\/types\/page"}],"author":[{"embeddable":true,"href":"https:\/\/ingbio.paap.cup.edu.uy\/index.php\/wp-json\/wp\/v2\/users\/1"}],"replies":[{"embeddable":true,"href":"https:\/\/ingbio.paap.cup.edu.uy\/index.php\/wp-json\/wp\/v2\/comments?post=3554"}],"version-history":[{"count":78,"href":"https:\/\/ingbio.paap.cup.edu.uy\/index.php\/wp-json\/wp\/v2\/pages\/3554\/revisions"}],"predecessor-version":[{"id":3556,"href":"https:\/\/ingbio.paap.cup.edu.uy\/index.php\/wp-json\/wp\/v2\/pages\/3554\/revisions\/3556"}],"wp:attachment":[{"href":"https:\/\/ingbio.paap.cup.edu.uy\/index.php\/wp-json\/wp\/v2\/media?parent=3554"}],"curies":[{"name":"wp","href":"https:\/\/api.w.org\/{rel}","templated":true}]}}