{"id":2695,"date":"2017-06-15T10:44:24","date_gmt":"2017-06-15T13:44:24","guid":{"rendered":"http:\/\/ingbio.paap.cup.edu.uy\/?page_id=2695"},"modified":"2017-12-29T11:53:30","modified_gmt":"2017-12-29T14:53:30","slug":"difusion-de-ciencia-y-tecnologia","status":"publish","type":"page","link":"https:\/\/ingbio.paap.cup.edu.uy\/index.php\/difusion-de-ciencia-y-tecnologia\/","title":{"rendered":"Difusi\u00f3n de Ciencia y Tecnolog\u00eda"},"content":{"rendered":"<div class=\"entry-content\" itemprop=\"text\">\n<p style=\"text-align: justify;\">El <strong>Laboratorio de Experimentaci\u00f3n tecnol\u00f3gica &#8211; Hacklab Paysand\u00fa<\/strong>, es un proyecto del Departamento de Ingenier\u00eda Biol\u00f3gica, que\u00a0cuenta con el apoyo del Departamento de Promoci\u00f3n y Desarrollo de la Intendencia de Paysand\u00fa.<\/p>\n<p style=\"text-align: justify;\">A trav\u00e9s de este proyecto nuestro Departamento realiza actividades de extensi\u00f3n, educaci\u00f3n y divulgaci\u00f3n cient\u00edfica.<\/p>\n<p style=\"text-align: justify;\">Se trata de un espacio de encuentro e interacci\u00f3n entre la comunidad cient\u00edfica y el p\u00fablico en general, tiene como objetivo fomentar la cultura y el pensamiento cient\u00edfico a trav\u00e9s de experiencias interactivas y actividades participativas innovadoras en las que el visitante es el protagonista.<\/p>\n<p style=\"text-align: justify;\">Nuestro objetivo es difundir la Ciencia y la Tecnolog\u00eda al p\u00fablico en general. Ofrecemos la posibilidad de realizar juntos actividades motivadoras que propicien el aprendizaje a partir del uso de nuevas tecnolog\u00edas y el desarrollo de proyectos anclados en la realidad, que partan\u00a0de un\u00a0inter\u00e9s particular de los participantes. La propuesta es utilizar la tecnolog\u00eda como herramienta transversal para crear soluciones aplicadas a diversas \u00e1reas, como el dise\u00f1o, la actividad cultural, el sector productivo y la salud.<\/p>\n<div style=\"text-align: justify;\">En el Aprendizaje orientado a proyectos, la acci\u00f3n formativa busca desarrollar competencias en situaciones reales. \u00c9sta estrategia fomenta un actuar creativo y orientado a objetivos y competencias espec\u00edficas a trav\u00e9s de la experiencia personal de cada estudiante.<\/div>\n<div style=\"text-align: justify;\"><\/div>\n<div style=\"text-align: justify;\">La idea es acercar de forma sencilla, l\u00fadica y descontracturada las tecnolog\u00edas, que normalmente no est\u00e1n accesibles, al p\u00fablico en general.<\/div>\n<div style=\"text-align: justify;\"><\/div>\n<div style=\"text-align: justify;\">Hacklab Paysand\u00fa, comenz\u00f3 sus actividades en el a\u00f1o 2016, con una propuesta dirigida a\u00a0alumnos de sexto a\u00f1o de la Escuela N\u00b0 8 de Paysand\u00fa.<\/div>\n<div style=\"text-align: justify;\">El Hacklab funciona en las instalaciones del Polo de Desarrollo Paysand\u00fa Innova,\u00a0de la Intendencia de Paysand\u00fa.<\/div>\n<div style=\"text-align: justify;\"><\/div>\n<div style=\"text-align: justify;\">Ampliar informaci\u00f3n en el sitio: <a href=\"http:\/\/hlab.cup.edu.uy\" target=\"_blank\" rel=\"noopener noreferrer\">hlab.cup.edu.uy<\/a><\/div>\n<div style=\"text-align: justify;\"><div class=\"su-spacer\" style=\"height:20px\"><\/div><\/div>\n<div style=\"text-align: justify;\"><\/div>\n<div style=\"text-align: justify;\"><\/div>\n<div style=\"text-align: justify;\"><\/div>\n<div style=\"text-align: justify;\">\n<p>&nbsp;<\/p>\n<p>&nbsp;<\/p>\n<\/div>\n\n\n<\/div>\n","protected":false},"excerpt":{"rendered":"<div class=\"entry-summary\" itemprop=\"text\">\n<p>El Laboratorio de Experimentaci\u00f3n tecnol\u00f3gica &#8211; Hacklab Paysand\u00fa, es un proyecto del Departamento de Ingenier\u00eda Biol\u00f3gica, que\u00a0cuenta con el apoyo del Departamento de Promoci\u00f3n y Desarrollo de la Intendencia de Paysand\u00fa. A trav\u00e9s de este proyecto nuestro Departamento realiza actividades de extensi\u00f3n, educaci\u00f3n y divulgaci\u00f3n cient\u00edfica. Se trata de un espacio de encuentro e interacci\u00f3n &#8230;<\/p>\n\n<\/div>\n","protected":false},"author":1,"featured_media":0,"parent":0,"menu_order":0,"comment_status":"closed","ping_status":"closed","template":"","meta":{"footnotes":""},"class_list":["post-2695","page","type-page","status-publish","hentry","entry-lead"],"_links":{"self":[{"href":"https:\/\/ingbio.paap.cup.edu.uy\/index.php\/wp-json\/wp\/v2\/pages\/2695","targetHints":{"allow":["GET"]}}],"collection":[{"href":"https:\/\/ingbio.paap.cup.edu.uy\/index.php\/wp-json\/wp\/v2\/pages"}],"about":[{"href":"https:\/\/ingbio.paap.cup.edu.uy\/index.php\/wp-json\/wp\/v2\/types\/page"}],"author":[{"embeddable":true,"href":"https:\/\/ingbio.paap.cup.edu.uy\/index.php\/wp-json\/wp\/v2\/users\/1"}],"replies":[{"embeddable":true,"href":"https:\/\/ingbio.paap.cup.edu.uy\/index.php\/wp-json\/wp\/v2\/comments?post=2695"}],"version-history":[{"count":13,"href":"https:\/\/ingbio.paap.cup.edu.uy\/index.php\/wp-json\/wp\/v2\/pages\/2695\/revisions"}],"predecessor-version":[{"id":4567,"href":"https:\/\/ingbio.paap.cup.edu.uy\/index.php\/wp-json\/wp\/v2\/pages\/2695\/revisions\/4567"}],"wp:attachment":[{"href":"https:\/\/ingbio.paap.cup.edu.uy\/index.php\/wp-json\/wp\/v2\/media?parent=2695"}],"curies":[{"name":"wp","href":"https:\/\/api.w.org\/{rel}","templated":true}]}}