{"id":1572,"date":"2016-06-01T10:50:01","date_gmt":"2016-06-01T13:50:01","guid":{"rendered":"http:\/\/ingbio.paap.cup.edu.uy\/?page_id=1572"},"modified":"2026-03-12T17:19:11","modified_gmt":"2026-03-12T20:19:11","slug":"proyectos-de-fin-de-carrera","status":"publish","type":"page","link":"https:\/\/ingbio.paap.cup.edu.uy\/index.php\/ensenanza\/ensenanza-de-grado\/proyectos-de-fin-de-carrera\/","title":{"rendered":"Proyectos de fin de Carrera"},"content":{"rendered":"<div class=\"entry-content\" itemprop=\"text\">\n<h2>2025<\/h2>\n<ul>\n<li>\n<p><strong>Implementaci\u00f3n de algoritmos de aprendizaje profundo convolucional-recurrente para la determinaci\u00f3n de patolog\u00edas cardiovasculares en secuencias de im\u00e1genes ecocardiogr\u00e1ficas.<\/strong><\/p>\n<ul>\n<li>Autora: Paula Soria.<\/li>\n<li>Tutores: Dr. Ricardo Armentano, Dr. Isaac Chairez.<\/li>\n<li>Cliente: Lic. en Ingenier\u00eda Biol\u00f3gica.<\/li>\n<li>\u00c1rea: fisiolog\u00eda y modelos.<\/li>\n<\/ul>\n<\/li>\n<\/ul>\n<ul>\n<li><strong>Sistema de Apoyo a la Toma de Decisiones Cl\u00ednicas para Modelado Predictivo y Din\u00e1mico de<\/strong><br \/><strong>Riesgo Cardiometab\u00f3lico.<\/strong>\n<ul>\n<li>Autor: Tom\u00e1s Ferraz.<\/li>\n<li>Tutores: Parag Chatterjee, Mario Gonz\u00e1lez.<\/li>\n<li>Cliente: Lic. en Ingenier\u00eda Biol\u00f3gica.<\/li>\n<li>\u00c1rea: inform\u00e1tica.<\/li>\n<\/ul>\n<\/li>\n<\/ul>\n<ul>\n<li><strong>Predicci\u00f3n probabil\u00edstica de la radiaci\u00f3n solar a partir de series temporales<\/strong>.\n<ul>\n<li>Autora: Victoria Pereira.<\/li>\n<li>Tutores: Rodrigo Alonso, Mario Gonz\u00e1lez.<\/li>\n<li>Cliente: Laboratorio de Energ\u00eda Solar (LES), Udelar.<\/li>\n<li>\u00c1rea: inform\u00e1tica.<\/li>\n<\/ul>\n<\/li>\n<\/ul>\n<ul>\n<li><strong>Dise\u00f1o de un sistema de trazabilidad para equipos m\u00e9dicos.<\/strong>\n<ul>\n<li>Autor: Santiago Lorenzo.<\/li>\n<li>Tutor\u00eda: grupo de inform\u00e1tica y bioinstrumentaci\u00f3n.<\/li>\n<li>Cliente: Lic. en Ingenier\u00eda Biol\u00f3gica.<\/li>\n<li>\u00c1rea: inform\u00e1tica.<\/li>\n<\/ul>\n<\/li>\n<\/ul>\n<ul>\n<li><strong><span class=\"fontstyle0\"><a href=\"https:\/\/ingbio.paap.cup.edu.uy\/index.php\/tecnicas-de-clasificacion-automatica-de-gestos-manuales-para-sujetos-intactos-y-con-amputacion-transradial\/\">T\u00e9cnicas de clasificaci\u00f3n autom\u00e1tica de gestos manuales para sujetos intactos y con amputaci\u00f3n transradial<\/a>.<\/span><\/strong>\n<ul>\n<li>Autor: Manuel Molina.<\/li>\n<li>Tutores: Ariel E. Stassi, Renato Sosa Machado.<\/li>\n<li>Cliente: Lic. en Ingenier\u00eda Biol\u00f3gica.<\/li>\n<li>\u00c1rea: se\u00f1ales.\u00a0<\/li>\n<\/ul>\n<\/li>\n<\/ul>\n\n\n<h2>2024<\/h2>\n<ul>\n<li><strong><a href=\"https:\/\/ingbio.paap.cup.edu.uy\/index.php\/desarrollo-de-un-score-de-patogenicidad-basado-en-machine-learning-para-la-priorizacion-de-variantes-genomicas-en-el-contexto-de-genomica-medica\/\">Desarrollo de un score de patogenicidad basado en machine learning para la priorizaci\u00f3n de variantes gen\u00f3micas en el contexto de gen\u00f3mica m\u00e9dica<\/a>.<\/strong>\n<ul>\n<li>Autora: Luc\u00eda Sosa.<\/li>\n<li>Tutoras: Luc\u00eda Spangenberg, Camila Simoes.<\/li>\n<li>Cliente: Institut Pasteur de Montevideo.<\/li>\n<li>\u00c1rea: bioinform\u00e1tica.<\/li>\n<\/ul>\n<\/li>\n<\/ul>\n<p>\u00a0<\/p>\n<ul>\n<li><strong>Desarrollo de un m\u00f3dulo Python para medir concentraci\u00f3n absoluta de m\u00faltiples mol\u00e9culas fluorescentes en c\u00e9lulas mediante microscop\u00eda hiperespectral y an\u00e1lisis de fasores.<\/strong>\n<ul>\n<li>Autora: Tamara Fern\u00e1ndez.<\/li>\n<li>Tutores: Dr. Leonel Malacrida, Lic. Bruno Schuty.<\/li>\n<li>Cliente: Unidad de Bioimagenolog\u00eda Avanzada IPMont-HC (Udelar).<\/li>\n<li>\u00c1rea: se\u00f1ales.<\/li>\n<\/ul>\n<\/li>\n<\/ul>\n\n\n\n<h2>2023<\/h2>\n<ul>\n<li><strong>DBStructUR: Base de datos de variantes estructurales representativas de la poblaci\u00f3n uruguaya.<\/strong>\n<ul>\n<li>Autora: Luc\u00eda Urquiola.<\/li>\n<li>Tutores: Luc\u00eda Spangenberg, Gast\u00f3n Notte, Camila Simoes.<\/li>\n<li>Cliente: Institut Pasteur de Montevideo.<\/li>\n<li>\u00c1rea: bioinform\u00e1tica.<\/li>\n<\/ul>\n<\/li>\n<\/ul>\n<p>&nbsp;<\/p>\n<ul>\n<li><strong><span class=\"fontstyle0\">Estudio y prototipado de un sistema de clasificaci\u00f3n autom\u00e1tica de gestos de la mano utilizando electromiograf\u00eda.<\/span><\/strong>\n<ul>\n<li>Autor: Renato Sosa Machado.<\/li>\n<li>Tutores: Juan Cardelino.<\/li>\n<li>Cliente: Lic. en Ingenier\u00eda Biol\u00f3gica.<\/li>\n<li>\u00c1rea: se\u00f1ales y bioinstrumentaci\u00f3n.<\/li>\n<\/ul>\n<\/li>\n<\/ul>\n\n\n\n<h2>2022<\/h2>\n<ul>\n<li>\u00a0<\/li>\n<\/ul>\n\n\n<\/div>\n","protected":false},"excerpt":{"rendered":"<div class=\"entry-summary\" itemprop=\"text\">\n<p>2025 Implementaci\u00f3n de algoritmos de aprendizaje profundo convolucional-recurrente para la determinaci\u00f3n de patolog\u00edas cardiovasculares en secuencias de im\u00e1genes ecocardiogr\u00e1ficas. Autora: Paula Soria. Tutores: Dr. Ricardo Armentano, Dr. Isaac Chairez. Cliente: Lic. en Ingenier\u00eda Biol\u00f3gica. \u00c1rea: fisiolog\u00eda y modelos. Sistema de Apoyo a la Toma de Decisiones Cl\u00ednicas para Modelado Predictivo y Din\u00e1mico deRiesgo Cardiometab\u00f3lico. Autor: &#8230;<\/p>\n\n<\/div>\n","protected":false},"author":1,"featured_media":0,"parent":28,"menu_order":0,"comment_status":"closed","ping_status":"closed","template":"","meta":{"footnotes":""},"class_list":["post-1572","page","type-page","status-publish","hentry","entry-lead"],"_links":{"self":[{"href":"https:\/\/ingbio.paap.cup.edu.uy\/index.php\/wp-json\/wp\/v2\/pages\/1572","targetHints":{"allow":["GET"]}}],"collection":[{"href":"https:\/\/ingbio.paap.cup.edu.uy\/index.php\/wp-json\/wp\/v2\/pages"}],"about":[{"href":"https:\/\/ingbio.paap.cup.edu.uy\/index.php\/wp-json\/wp\/v2\/types\/page"}],"author":[{"embeddable":true,"href":"https:\/\/ingbio.paap.cup.edu.uy\/index.php\/wp-json\/wp\/v2\/users\/1"}],"replies":[{"embeddable":true,"href":"https:\/\/ingbio.paap.cup.edu.uy\/index.php\/wp-json\/wp\/v2\/comments?post=1572"}],"version-history":[{"count":16,"href":"https:\/\/ingbio.paap.cup.edu.uy\/index.php\/wp-json\/wp\/v2\/pages\/1572\/revisions"}],"predecessor-version":[{"id":7376,"href":"https:\/\/ingbio.paap.cup.edu.uy\/index.php\/wp-json\/wp\/v2\/pages\/1572\/revisions\/7376"}],"up":[{"embeddable":true,"href":"https:\/\/ingbio.paap.cup.edu.uy\/index.php\/wp-json\/wp\/v2\/pages\/28"}],"wp:attachment":[{"href":"https:\/\/ingbio.paap.cup.edu.uy\/index.php\/wp-json\/wp\/v2\/media?parent=1572"}],"curies":[{"name":"wp","href":"https:\/\/api.w.org\/{rel}","templated":true}]}}