{"id":1559,"date":"2016-06-01T09:48:05","date_gmt":"2016-06-01T12:48:05","guid":{"rendered":"http:\/\/ingbio.paap.cup.edu.uy\/?page_id=1559"},"modified":"2016-06-01T09:49:22","modified_gmt":"2016-06-01T12:49:22","slug":"tesis-de-posgrado","status":"publish","type":"page","link":"https:\/\/ingbio.paap.cup.edu.uy\/index.php\/ensenanza\/ensenanza-de-posgrado\/tesis-de-posgrado\/","title":{"rendered":"Tesis de posgrado"},"content":{"rendered":"<div class=\"entry-content\" itemprop=\"text\">\n<a href=\"http:\/\/ingbio.paap.cup.edu.uy\/index.php\/investigacion\/principales-lineas-de-investigacion\/\" class=\"su-button su-button-style-ghost\" style=\"color:#000;background-color:#fff;border-color:#cccccc;border-radius:0px\" target=\"_self\"><span style=\"color:#000;padding:6px 16px;font-size:13px;line-height:20px;border-color:#ffffff;border-radius:0px;text-shadow:none\"><i class=\"sui sui-arrow-circle-o-right\" style=\"font-size:13px;color:#000\"><\/i> L\u00ednea de investigaci\u00f3n: <\/span><\/a><a href=\"http:\/\/ingbio.paap.cup.edu.uy\/index.php\/2016\/05\/18\/tecnologias-de-apoyo-a-la-vida\/\" class=\"su-button su-button-style-ghost\" style=\"color:#000;background-color:#fff;border-color:#cccccc;border-radius:0px\" target=\"_self\" rel=\"lightbox\"><span style=\"color:#000;padding:0px 16px;font-size:13px;line-height:26px;border-color:#ffffff;border-radius:0px;text-shadow:none\"> Tecnolog\u00edas de Apoyo a la vida<\/span><\/a>\n<ul>\n<li><a href=\"http:\/\/ingbio.paap.cup.edu.uy\/index.php\/2016\/05\/25\/estimacion-no-invasiva-de-la-presion-arterial-con-dispositivos-vestibles\/\">Estimaci\u00f3n no Invasiva de la presi\u00f3n arterial con dispositivos vestibles<\/a><\/li>\n<\/ul>\n<a href=\"http:\/\/ingbio.paap.cup.edu.uy\/index.php\/investigacion\/principales-lineas-de-investigacion\/\" class=\"su-button su-button-style-ghost\" style=\"color:#000;background-color:#fff;border-color:#cccccc;border-radius:0px\" target=\"_self\"><span style=\"color:#000;padding:6px 16px;font-size:13px;line-height:20px;border-color:#ffffff;border-radius:0px;text-shadow:none\"><i class=\"sui sui-arrow-circle-o-right\" style=\"font-size:13px;color:#000\"><\/i> L\u00ednea de investigaci\u00f3n: <\/span><\/a><a href=\"http:\/\/ingbio.paap.cup.edu.uy\/index.php\/2016\/05\/18\/investigacion-operativa-aplicada-a-sistemas-pastoriles-de-produccion-de-leche\/\" class=\"su-button su-button-style-ghost\" style=\"color:#000;background-color:#fff;border-color:#cccccc;border-radius:0px\" target=\"_self\" rel=\"lightbox\"><span style=\"color:#000;padding:0px 16px;font-size:13px;line-height:26px;border-color:#ffffff;border-radius:0px;text-shadow:none\"> Investigaci\u00f3n Operativa Aplicada a Sistemas Pastoriles de Producci\u00f3n de Leche<\/span><\/a>\n<ul>\n<li><a href=\"http:\/\/ingbio.paap.cup.edu.uy\/index.php\/2016\/05\/27\/asignacion-de-recursos-alimenticios-en-sistemas-pastoriles-de-produccion-de-leche\/\">Asignaci\u00f3n de Recursos Alimenticios en Sistemas Pastoriles de Producci\u00f3n de Leche<\/a> \/ Tesis de Maestr\u00eda en Inform\u00e1tica.<\/li>\n<li><span style=\"color: #ff6600;\"><a href=\"http:\/\/ingbio.paap.cup.edu.uy\/index.php\/2016\/05\/30\/propuesta-de-tesis-de-doctorado-en-informatica-aplicado-a-sistemas-de-produccion-de-leche\/\">Propuesta de Tesis de doctorado en inform\u00e1tica aplicado a sistemas de producci\u00f3n de leche.<\/a><\/span><\/li>\n<li><a href=\"http:\/\/ingbio.paap.cup.edu.uy\/index.php\/2016\/05\/30\/pasantia-en-la-universidad-de-wageningen-holanda\/\">Pasant\u00eda en la Universidad de Wageningen, Holanda<\/a><\/li>\n<\/ul>\n\n\n<\/div>\n","protected":false},"excerpt":{"rendered":"<div class=\"entry-summary\" itemprop=\"text\">\n<p>Estimaci\u00f3n no Invasiva de la presi\u00f3n arterial con dispositivos vestibles Asignaci\u00f3n de Recursos Alimenticios en Sistemas Pastoriles de Producci\u00f3n de Leche \/ Tesis de Maestr\u00eda en Inform\u00e1tica. Propuesta de Tesis de doctorado en inform\u00e1tica aplicado a sistemas de producci\u00f3n de leche. Pasant\u00eda en la Universidad de Wageningen, Holanda<\/p>\n\n<\/div>\n","protected":false},"author":1,"featured_media":0,"parent":62,"menu_order":0,"comment_status":"closed","ping_status":"closed","template":"","meta":{"footnotes":""},"class_list":["post-1559","page","type-page","status-publish","hentry","entry-lead"],"_links":{"self":[{"href":"https:\/\/ingbio.paap.cup.edu.uy\/index.php\/wp-json\/wp\/v2\/pages\/1559","targetHints":{"allow":["GET"]}}],"collection":[{"href":"https:\/\/ingbio.paap.cup.edu.uy\/index.php\/wp-json\/wp\/v2\/pages"}],"about":[{"href":"https:\/\/ingbio.paap.cup.edu.uy\/index.php\/wp-json\/wp\/v2\/types\/page"}],"author":[{"embeddable":true,"href":"https:\/\/ingbio.paap.cup.edu.uy\/index.php\/wp-json\/wp\/v2\/users\/1"}],"replies":[{"embeddable":true,"href":"https:\/\/ingbio.paap.cup.edu.uy\/index.php\/wp-json\/wp\/v2\/comments?post=1559"}],"version-history":[{"count":1,"href":"https:\/\/ingbio.paap.cup.edu.uy\/index.php\/wp-json\/wp\/v2\/pages\/1559\/revisions"}],"predecessor-version":[{"id":1560,"href":"https:\/\/ingbio.paap.cup.edu.uy\/index.php\/wp-json\/wp\/v2\/pages\/1559\/revisions\/1560"}],"up":[{"embeddable":true,"href":"https:\/\/ingbio.paap.cup.edu.uy\/index.php\/wp-json\/wp\/v2\/pages\/62"}],"wp:attachment":[{"href":"https:\/\/ingbio.paap.cup.edu.uy\/index.php\/wp-json\/wp\/v2\/media?parent=1559"}],"curies":[{"name":"wp","href":"https:\/\/api.w.org\/{rel}","templated":true}]}}